{"id":37,"date":"2023-10-18T08:16:33","date_gmt":"2023-10-18T11:16:33","guid":{"rendered":"https:\/\/www.forumcampinas.org.br\/interdependencia\/?page_id=37"},"modified":"2024-07-23T09:36:44","modified_gmt":"2024-07-23T12:36:44","slug":"sobre","status":"publish","type":"page","link":"https:\/\/www.forumcampinas.org.br\/interdependencia\/sobre\/","title":{"rendered":"Sobre o projeto INTERDEPEND\u00caNCIA"},"content":{"rendered":"<p style=\"text-align: right;\"><em><strong>O menino gira a roda, e a \u00e1gua, antes superf\u00edcie est\u00e1tica, movimenta-se.<\/strong><\/em><br \/>\n<em><strong>O menino gira a roda e diverte-se ao descobrir as possibilidades que esta descortina ao seu mundo real.<\/strong><\/em><br \/>\n<em><strong>O menino tem grandes chances de ser um descobridor futuro dos mist\u00e9rios da natureza.<\/strong><\/em><\/p>\n<p style=\"text-align: right;\"><em><strong>O menino pode se tornar um facilitador do aprendizado dos demais homens e mulheres.<\/strong><\/em><br \/>\n<em><strong>Por ter transposto os bloqueios do saber,<\/strong><\/em><br \/>\n<em><strong>quem sabe at\u00e9 vir a ser um cientista habilidoso no trato sistem\u00e1tico dos dados e<\/strong><\/em><br \/>\n<em><strong>movido pelo \u00edmpeto da inspira\u00e7\u00e3o.<\/strong><\/em><\/p>\n<p style=\"text-align: right;\"><em><strong>De todo modo, por lhe ter sido oferecida a experi\u00eancia do saber pelo prazer<\/strong><\/em><br \/>\n<em><strong>e possibilitada a compreens\u00e3o do mundo ao seu redor, ser\u00e1 algu\u00e9m capaz de sentir<br \/>\nque pode contribuir para a evolu\u00e7\u00e3o da vida,<\/strong><\/em><br \/>\n<em><strong>a partir de seus atos e decis\u00f5es.<\/strong><\/em><\/p>\n<p style=\"text-align: right;\"><em>(<\/em>Maria Am\u00e9lia Devitte Ferreira D\u2019Azevedo Leite<em>,\u201cPolos Culturais de C &amp; T<\/em>\u201d, Jornal Correio Popular, 2003)<\/p>\n<p>&nbsp;<\/p>\n<p>O Projeto INTERDEPEND\u00caNCIA, contemplado na edi\u00e7\u00e3o de 2022 da Lei Federal n\u00ba 8.313\/1991 de incentivo \u00e0 Cultura (Lei Rouanet), e tendo como patrocinadora a empresa BOSCH, possui como prop\u00f3sito divulgar, via <em>website<\/em>, a trajet\u00f3ria da Ci\u00eancia na regi\u00e3o de Campinas, desde os seus primeiros lampejos no s\u00e9culo XIX, com a cria\u00e7\u00e3o da Imperial Esta\u00e7\u00e3o Agron\u00f4mica de Campinas (atual <a href=\"https:\/\/www.forumcampinas.org.br\/interdependencia\/iac-instituto-agronomico-de-campinas\/\">Instituto Agron\u00f4mico de Campinas-IAC<\/a>) em 1887, at\u00e9 o rec\u00e9m inaugurado acelerador de part\u00edculas Sirius &#8211; a mais complexa infraestrutura cient\u00edfica j\u00e1 constru\u00edda no pa\u00eds &#8211; tendo como refer\u00eancia a hist\u00f3ria das Institui\u00e7\u00f5es de pesquisa em ci\u00eancia, tecnologia e inova\u00e7\u00e3o associadas ao F\u00f3rum de Inova\u00e7\u00e3o e Sustentabilidade Campinas &#8211; FISC, entidade criada em 2002.<\/p>\n<p>Mais do que resgatar a hist\u00f3ria, elencando e descrevendo essas renomadas Institui\u00e7\u00f5es, o Projeto INTERDEPEND\u00caNCIA busca evidenciar a participa\u00e7\u00e3o de cada uma delas no reconhecimento que tem hoje a regi\u00e3o de Campinas, nacional e internacionalmente, como um territ\u00f3rio vocacionado para a inova\u00e7\u00e3o, n\u00e3o somente na sua g\u00eanese, mas particularmente pela for\u00e7a do trabalho e pelo empenho e vontade de seus pesquisadores, acad\u00eamicos, industriais, empres\u00e1rios, e de outros atores sociais, em produzir e promover o conhecimento<strong>. <\/strong>Tal af\u00e3, tem tornado Campinas uma op\u00e7\u00e3o preferencial de cientistas e inventores, brasileiros e estrangeiros, conferindo-lhe uma natureza peculiar de \u201cregi\u00e3o f\u00eanix\u201d \u00e1vida por transforma\u00e7\u00e3o, e considerada a vers\u00e3o latino-americana do Vale do Sil\u00edcio por sua reconhecida relev\u00e2ncia no meio cient\u00edfico e tecnol\u00f3gico.<\/p>\n<p>Contar a hist\u00f3ria da Ci\u00eancia a partir de refer\u00eancias locais, tem o sentido estrat\u00e9gico de aproximar, tanto o segmento acad\u00eamico-cient\u00edfico, como tamb\u00e9m o p\u00fablico leigo e escolar, desse universo estimulante e necess\u00e1rio para a evolu\u00e7\u00e3o de toda e qualquer sociedade. Mais ainda, permite disseminar na comunidade regional os avan\u00e7os not\u00e1veis realizados na pesquisa e na forma\u00e7\u00e3o profissional transdisciplinar que est\u00e3o sendo elaborados ali, bem ao lado, nas Institui\u00e7\u00f5es da pr\u00f3pria regi\u00e3o, e com intensa repercuss\u00e3o internacional, como \u00e9 o caso da integra\u00e7\u00e3o entre a Escola de Ci\u00eancia ILUM, criada em 2022, e o Laborat\u00f3rio Nacional de Luz S\u00edncrotron-LNLS do <a href=\"https:\/\/www.forumcampinas.org.br\/interdependencia\/cnpem-centro-nacional-de-pesquisa-em-energia-e-materiais\/\">Centro Nacional de Pesquisa em Energia e Materiais-CNPEM<\/a>. Com esp\u00edrito inovador, o projeto pedag\u00f3gico da ILUM associa ensino e aprendizagem, estimulando os alunos \u00e0 experimenta\u00e7\u00e3o, a \u201ccolocar a m\u00e3o na massa\u201d, frequentando desde os anos iniciais os laborat\u00f3rios do CNPEM. E, mesmo se tratando de uma escola de Ci\u00eancia simultaneamente, s\u00e3o cursadas disciplinas da \u00e1rea de humanidades, como cultura, arte, fotografia, cinema, m\u00fasica, \u00e9tica, visitas a museus e teatros, atividades de empreendedorismo, gest\u00e3o de projetos, entre outras viv\u00eancias. Em suma, os aprendizes s\u00e3o estimulados a exercitar a curiosidade cr\u00edtica necess\u00e1ria \u00e0 elabora\u00e7\u00e3o conjunta do conhecimento e o entendimento da Ci\u00eancia como um efetivo \u201cconstructo humano\u201d que influencia as a\u00e7\u00f5es e realiza\u00e7\u00f5es cotidianas ao nosso redor.<\/p>\n<p>No contexto atual planet\u00e1rio, quando os pa\u00edses se defrontam com o desafio de cumprir os 17 Objetivos do Desenvolvimento Sustent\u00e1vel &#8211; ODS estabelecidos pela Organiza\u00e7\u00e3o das Na\u00e7\u00f5es Unidas &#8211; ONU at\u00e9 2030, sendo os dois primeiros exatamente <u>1 &#8211;<\/u> <u>Erradica\u00e7\u00e3o da pobreza<\/u> (acabar com a pobreza em todas as suas formas, em todos os lugares) e <u>2 \u2013 Fome zero e agricultura sustent\u00e1vel<\/u> (acabar com a fome, alcan\u00e7ar a seguran\u00e7a alimentar e melhoria da nutri\u00e7\u00e3o e promover a agricultura sustent\u00e1vel), v\u00ea-se qu\u00e3o significativa \u00e9 a difus\u00e3o social da produ\u00e7\u00e3o cient\u00edfica, tecnol\u00f3gica e de inova\u00e7\u00e3o do polo tecnol\u00f3gico de Campinas, \u00e0 medida que v\u00e1rias de suas Institui\u00e7\u00f5es de pesquisa \u2013 em especial, <a href=\"https:\/\/www.forumcampinas.org.br\/interdependencia\/iac-instituto-agronomico-de-campinas\/\">IAC<\/a>, <a href=\"https:\/\/www.forumcampinas.org.br\/interdependencia\/iz-instituto-de-zootecnia\/\">IZ<\/a>, <a href=\"https:\/\/www.forumcampinas.org.br\/interdependencia\/ib-instituto-biologico\/\">IB<\/a>, <a href=\"https:\/\/www.forumcampinas.org.br\/interdependencia\/iea-instituto-de-economia-agricola\/\">IEA<\/a>, <a href=\"https:\/\/www.forumcampinas.org.br\/interdependencia\/ip-instituto-de-pesca\/\">IP<\/a>, <a href=\"https:\/\/www.forumcampinas.org.br\/interdependencia\/ital-instituto-de-tecnologia-de-alimentos\/\">ITAL<\/a> e <a href=\"https:\/\/www.forumcampinas.org.br\/interdependencia\/embrapa-empresa-brasileira-de-pesquisa-agropecuaria\/\">EMBRAPA<\/a> &#8211; est\u00e3o empenhadas em investiga\u00e7\u00f5es sobre alimentos para garantir a contribui\u00e7\u00e3o do Brasil no combate \u00e0 fome e \u00e0 desnutri\u00e7\u00e3o que amea\u00e7am as popula\u00e7\u00f5es mundiais nas pr\u00f3ximas d\u00e9cadas, o que significa aumentar em 40% a produ\u00e7\u00e3o do pa\u00eds at\u00e9 2040.<\/p>\n<p>Sensibilizar e despertar o interesse do p\u00fablico por ci\u00eancia, tecnologia e inova\u00e7\u00e3o e suas rela\u00e7\u00f5es com as artes, a cultura e o dia-a-dia das popula\u00e7\u00f5es; apresentar a regi\u00e3o de Campinas-SP como polo mundial de Ci\u00eancia, Tecnologia e inova\u00e7\u00e3o e a relev\u00e2ncia das Institui\u00e7\u00f5es que nele atuam; e apresentar os principais projetos cient\u00edficos, inova\u00e7\u00f5es tecnol\u00f3gicas e contribui\u00e7\u00f5es das Institui\u00e7\u00f5es que comp\u00f5em o F\u00f3rum de Inova\u00e7\u00e3o e Sustentabilidade Campinas &#8211; FISC s\u00e3o os principais objetivos do Projeto INTERDEPEND\u00caNCIA e do <em>website<\/em> que dele se origina, como instrumento de intera\u00e7\u00e3o entre todos que participar\u00e3o da constru\u00e7\u00e3o do futuro comum, necessariamente inclusivo, equitativo e de boa qualidade.<\/p>\n","protected":false},"excerpt":{"rendered":"<p>O menino gira a roda, e a \u00e1gua, antes superf\u00edcie est\u00e1tica, movimenta-se. O menino gira a roda e diverte-se ao descobrir as possibilidades que esta descortina ao seu mundo real. O menino tem grandes chances de ser um descobridor futuro dos mist\u00e9rios da natureza. O menino pode se tornar um facilitador do aprendizado dos demais [&hellip;]<\/p>\n","protected":false},"author":1,"featured_media":0,"parent":0,"menu_order":10,"comment_status":"closed","ping_status":"closed","template":"","meta":{"_acf_changed":false,"footnotes":""},"class_list":["post-37","page","type-page","status-publish","hentry"],"acf":[],"yoast_head":"<!-- This site is optimized with the Yoast SEO plugin v27.2 - https:\/\/yoast.com\/product\/yoast-seo-wordpress\/ -->\n<title>Sobre o projeto INTERDEPEND\u00caNCIA - Interdepend\u00eancia<\/title>\n<meta name=\"description\" content=\"O Projeto INTERDEPEND\u00caNCIA tem o prop\u00f3sito, divulgar a trajet\u00f3ria da Ci\u00eancia na regi\u00e3o de Campinas, desde o s\u00e9culo XIX at\u00e9 os dias de hoje.\" \/>\n<meta name=\"robots\" content=\"index, follow, max-snippet:-1, max-image-preview:large, max-video-preview:-1\" \/>\n<link rel=\"canonical\" href=\"https:\/\/www.forumcampinas.org.br\/interdependencia\/sobre\/\" \/>\n<meta property=\"og:locale\" content=\"pt_BR\" \/>\n<meta property=\"og:type\" content=\"article\" \/>\n<meta property=\"og:title\" content=\"Sobre o projeto INTERDEPEND\u00caNCIA - Interdepend\u00eancia\" \/>\n<meta property=\"og:description\" content=\"O Projeto INTERDEPEND\u00caNCIA tem o prop\u00f3sito, divulgar a trajet\u00f3ria da Ci\u00eancia na regi\u00e3o de Campinas, desde o s\u00e9culo XIX at\u00e9 os dias de hoje.\" \/>\n<meta property=\"og:url\" content=\"https:\/\/www.forumcampinas.org.br\/interdependencia\/sobre\/\" \/>\n<meta property=\"og:site_name\" content=\"Interdepend\u00eancia\" \/>\n<meta property=\"article:modified_time\" content=\"2024-07-23T12:36:44+00:00\" \/>\n<meta property=\"og:image\" content=\"https:\/\/www.forumcampinas.org.br\/interdependencia\/wp-content\/uploads\/2023\/11\/Interdependencia-1200x.png\" \/>\n\t<meta property=\"og:image:width\" content=\"1200\" \/>\n\t<meta property=\"og:image:height\" content=\"675\" \/>\n\t<meta property=\"og:image:type\" content=\"image\/png\" \/>\n<meta name=\"twitter:card\" content=\"summary_large_image\" \/>\n<meta name=\"twitter:label1\" content=\"Est. tempo de leitura\" \/>\n\t<meta name=\"twitter:data1\" content=\"18 minutos\" \/>\n<script type=\"application\/ld+json\" class=\"yoast-schema-graph\">{\"@context\":\"https:\/\/schema.org\",\"@graph\":[{\"@type\":\"WebPage\",\"@id\":\"https:\/\/www.forumcampinas.org.br\/interdependencia\/sobre\/\",\"url\":\"https:\/\/www.forumcampinas.org.br\/interdependencia\/sobre\/\",\"name\":\"Sobre o projeto INTERDEPEND\u00caNCIA - Interdepend\u00eancia\",\"isPartOf\":{\"@id\":\"https:\/\/www.forumcampinas.org.br\/interdependencia\/#website\"},\"datePublished\":\"2023-10-18T11:16:33+00:00\",\"dateModified\":\"2024-07-23T12:36:44+00:00\",\"description\":\"O Projeto INTERDEPEND\u00caNCIA tem o prop\u00f3sito, divulgar a trajet\u00f3ria da Ci\u00eancia na regi\u00e3o de Campinas, desde o s\u00e9culo XIX at\u00e9 os dias de hoje.\",\"breadcrumb\":{\"@id\":\"https:\/\/www.forumcampinas.org.br\/interdependencia\/sobre\/#breadcrumb\"},\"inLanguage\":\"pt-BR\",\"potentialAction\":[{\"@type\":\"ReadAction\",\"target\":[\"https:\/\/www.forumcampinas.org.br\/interdependencia\/sobre\/\"]}]},{\"@type\":\"BreadcrumbList\",\"@id\":\"https:\/\/www.forumcampinas.org.br\/interdependencia\/sobre\/#breadcrumb\",\"itemListElement\":[{\"@type\":\"ListItem\",\"position\":1,\"name\":\"In\u00edcio\",\"item\":\"https:\/\/www.forumcampinas.org.br\/interdependencia\/\"},{\"@type\":\"ListItem\",\"position\":2,\"name\":\"Sobre o projeto INTERDEPEND\u00caNCIA\"}]},{\"@type\":\"WebSite\",\"@id\":\"https:\/\/www.forumcampinas.org.br\/interdependencia\/#website\",\"url\":\"https:\/\/www.forumcampinas.org.br\/interdependencia\/\",\"name\":\"Interdepend\u00eancia\",\"description\":\"Ci\u00eancia, Tecnologia e Inova\u00e7\u00e3o e a Regi\u00e3o de Campinas\",\"publisher\":{\"@id\":\"https:\/\/www.forumcampinas.org.br\/interdependencia\/#organization\"},\"potentialAction\":[{\"@type\":\"SearchAction\",\"target\":{\"@type\":\"EntryPoint\",\"urlTemplate\":\"https:\/\/www.forumcampinas.org.br\/interdependencia\/?s={search_term_string}\"},\"query-input\":{\"@type\":\"PropertyValueSpecification\",\"valueRequired\":true,\"valueName\":\"search_term_string\"}}],\"inLanguage\":\"pt-BR\"},{\"@type\":\"Organization\",\"@id\":\"https:\/\/www.forumcampinas.org.br\/interdependencia\/#organization\",\"name\":\"Interdepend\u00eancia\",\"url\":\"https:\/\/www.forumcampinas.org.br\/interdependencia\/\",\"logo\":{\"@type\":\"ImageObject\",\"inLanguage\":\"pt-BR\",\"@id\":\"https:\/\/www.forumcampinas.org.br\/interdependencia\/#\/schema\/logo\/image\/\",\"url\":\"https:\/\/www.forumcampinas.org.br\/interdependencia\/wp-content\/uploads\/2023\/11\/interdependencia.png\",\"contentUrl\":\"https:\/\/www.forumcampinas.org.br\/interdependencia\/wp-content\/uploads\/2023\/11\/interdependencia.png\",\"width\":757,\"height\":195,\"caption\":\"Interdepend\u00eancia\"},\"image\":{\"@id\":\"https:\/\/www.forumcampinas.org.br\/interdependencia\/#\/schema\/logo\/image\/\"}}]}<\/script>\n<!-- \/ Yoast SEO plugin. -->","yoast_head_json":{"title":"Sobre o projeto INTERDEPEND\u00caNCIA - Interdepend\u00eancia","description":"O Projeto INTERDEPEND\u00caNCIA tem o prop\u00f3sito, divulgar a trajet\u00f3ria da Ci\u00eancia na regi\u00e3o de Campinas, desde o s\u00e9culo XIX at\u00e9 os dias de hoje.","robots":{"index":"index","follow":"follow","max-snippet":"max-snippet:-1","max-image-preview":"max-image-preview:large","max-video-preview":"max-video-preview:-1"},"canonical":"https:\/\/www.forumcampinas.org.br\/interdependencia\/sobre\/","og_locale":"pt_BR","og_type":"article","og_title":"Sobre o projeto INTERDEPEND\u00caNCIA - Interdepend\u00eancia","og_description":"O Projeto INTERDEPEND\u00caNCIA tem o prop\u00f3sito, divulgar a trajet\u00f3ria da Ci\u00eancia na regi\u00e3o de Campinas, desde o s\u00e9culo XIX at\u00e9 os dias de hoje.","og_url":"https:\/\/www.forumcampinas.org.br\/interdependencia\/sobre\/","og_site_name":"Interdepend\u00eancia","article_modified_time":"2024-07-23T12:36:44+00:00","og_image":[{"width":1200,"height":675,"url":"https:\/\/www.forumcampinas.org.br\/interdependencia\/wp-content\/uploads\/2023\/11\/Interdependencia-1200x.png","type":"image\/png"}],"twitter_card":"summary_large_image","twitter_misc":{"Est. tempo de leitura":"18 minutos"},"schema":{"@context":"https:\/\/schema.org","@graph":[{"@type":"WebPage","@id":"https:\/\/www.forumcampinas.org.br\/interdependencia\/sobre\/","url":"https:\/\/www.forumcampinas.org.br\/interdependencia\/sobre\/","name":"Sobre o projeto INTERDEPEND\u00caNCIA - Interdepend\u00eancia","isPartOf":{"@id":"https:\/\/www.forumcampinas.org.br\/interdependencia\/#website"},"datePublished":"2023-10-18T11:16:33+00:00","dateModified":"2024-07-23T12:36:44+00:00","description":"O Projeto INTERDEPEND\u00caNCIA tem o prop\u00f3sito, divulgar a trajet\u00f3ria da Ci\u00eancia na regi\u00e3o de Campinas, desde o s\u00e9culo XIX at\u00e9 os dias de hoje.","breadcrumb":{"@id":"https:\/\/www.forumcampinas.org.br\/interdependencia\/sobre\/#breadcrumb"},"inLanguage":"pt-BR","potentialAction":[{"@type":"ReadAction","target":["https:\/\/www.forumcampinas.org.br\/interdependencia\/sobre\/"]}]},{"@type":"BreadcrumbList","@id":"https:\/\/www.forumcampinas.org.br\/interdependencia\/sobre\/#breadcrumb","itemListElement":[{"@type":"ListItem","position":1,"name":"In\u00edcio","item":"https:\/\/www.forumcampinas.org.br\/interdependencia\/"},{"@type":"ListItem","position":2,"name":"Sobre o projeto INTERDEPEND\u00caNCIA"}]},{"@type":"WebSite","@id":"https:\/\/www.forumcampinas.org.br\/interdependencia\/#website","url":"https:\/\/www.forumcampinas.org.br\/interdependencia\/","name":"Interdepend\u00eancia","description":"Ci\u00eancia, Tecnologia e Inova\u00e7\u00e3o e a Regi\u00e3o de Campinas","publisher":{"@id":"https:\/\/www.forumcampinas.org.br\/interdependencia\/#organization"},"potentialAction":[{"@type":"SearchAction","target":{"@type":"EntryPoint","urlTemplate":"https:\/\/www.forumcampinas.org.br\/interdependencia\/?s={search_term_string}"},"query-input":{"@type":"PropertyValueSpecification","valueRequired":true,"valueName":"search_term_string"}}],"inLanguage":"pt-BR"},{"@type":"Organization","@id":"https:\/\/www.forumcampinas.org.br\/interdependencia\/#organization","name":"Interdepend\u00eancia","url":"https:\/\/www.forumcampinas.org.br\/interdependencia\/","logo":{"@type":"ImageObject","inLanguage":"pt-BR","@id":"https:\/\/www.forumcampinas.org.br\/interdependencia\/#\/schema\/logo\/image\/","url":"https:\/\/www.forumcampinas.org.br\/interdependencia\/wp-content\/uploads\/2023\/11\/interdependencia.png","contentUrl":"https:\/\/www.forumcampinas.org.br\/interdependencia\/wp-content\/uploads\/2023\/11\/interdependencia.png","width":757,"height":195,"caption":"Interdepend\u00eancia"},"image":{"@id":"https:\/\/www.forumcampinas.org.br\/interdependencia\/#\/schema\/logo\/image\/"}}]}},"_links":{"self":[{"href":"https:\/\/www.forumcampinas.org.br\/interdependencia\/wp-json\/wp\/v2\/pages\/37","targetHints":{"allow":["GET"]}}],"collection":[{"href":"https:\/\/www.forumcampinas.org.br\/interdependencia\/wp-json\/wp\/v2\/pages"}],"about":[{"href":"https:\/\/www.forumcampinas.org.br\/interdependencia\/wp-json\/wp\/v2\/types\/page"}],"author":[{"embeddable":true,"href":"https:\/\/www.forumcampinas.org.br\/interdependencia\/wp-json\/wp\/v2\/users\/1"}],"replies":[{"embeddable":true,"href":"https:\/\/www.forumcampinas.org.br\/interdependencia\/wp-json\/wp\/v2\/comments?post=37"}],"version-history":[{"count":33,"href":"https:\/\/www.forumcampinas.org.br\/interdependencia\/wp-json\/wp\/v2\/pages\/37\/revisions"}],"predecessor-version":[{"id":930,"href":"https:\/\/www.forumcampinas.org.br\/interdependencia\/wp-json\/wp\/v2\/pages\/37\/revisions\/930"}],"wp:attachment":[{"href":"https:\/\/www.forumcampinas.org.br\/interdependencia\/wp-json\/wp\/v2\/media?parent=37"}],"curies":[{"name":"wp","href":"https:\/\/api.w.org\/{rel}","templated":true}]}}