{"id":39,"date":"2023-10-18T08:17:42","date_gmt":"2023-10-18T11:17:42","guid":{"rendered":"https:\/\/www.forumcampinas.org.br\/interdependencia\/?page_id=39"},"modified":"2023-12-11T06:21:49","modified_gmt":"2023-12-11T09:21:49","slug":"a-importancia-da-cti","status":"publish","type":"page","link":"https:\/\/www.forumcampinas.org.br\/interdependencia\/a-importancia-da-cti\/","title":{"rendered":"A import\u00e2ncia da Ci\u00eancia, da Tecnologia e da Inova\u00e7\u00e3o na constru\u00e7\u00e3o do cotidiano da vida coletiva"},"content":{"rendered":"<p>O <a href=\"https:\/\/www.forumcampinas.org.br\/\" target=\"_blank\" rel=\"noopener\">F\u00f3rum de Inova\u00e7\u00e3o e Sustentabilidade Campinas &#8211; FISC<\/a> surge no in\u00edcio dos anos 2000 com o prop\u00f3sito de estimular a intera\u00e7\u00e3o e a interdepend\u00eancia entre as Institui\u00e7\u00f5es de Pesquisa Cient\u00edfica e Tecnol\u00f3gica bastante renomadas da regi\u00e3o, aos moldes de um verdadeiro ecossistema, cuja mat\u00e9ria prima \u00e9 o trin\u00f4mio Ci\u00eancia\u2013Tecnologia\u2013Inova\u00e7\u00e3o e, assim, atender mais efetivamente as demandas da sociedade.<\/p>\n<p>Entre outras defini\u00e7\u00f5es, podemos entender ci\u00eancia como uma atividade humana de busca de respostas, com o objetivo de se melhorar as condi\u00e7\u00f5es de vida das popula\u00e7\u00f5es em diversos segmentos e aspectos como alimenta\u00e7\u00e3o, sa\u00fade, educa\u00e7\u00e3o, cultura, saneamento, trabalho decente, habita\u00e7\u00e3o, arte, lazer e redu\u00e7\u00e3o das desigualdades. Diversos e entrela\u00e7ados, tais temas contribuem para tecer a teia do processo de se fazer ci\u00eancia, que \u00e9 complexo e interdisciplinar, envolve v\u00e1rios campos do conhecimento e conta com a participa\u00e7\u00e3o de muitas pessoas de diversas \u00e1reas e profiss\u00f5es. Principalmente a partir do s\u00e9culo XIX, a ci\u00eancia passou a ganhar relev\u00e2ncia devido ao processo de industrializa\u00e7\u00e3o iniciado na Inglaterra, tendo como carro-chefe o sucesso da introdu\u00e7\u00e3o da m\u00e1quina a vapor nos processos de industrializa\u00e7\u00e3o em geral; e com destaque para a Alemanha, pela prioridade dada no pa\u00eds \u00e0 educa\u00e7\u00e3o t\u00e9cnica e cient\u00edfica.<\/p>\n<p>No Brasil, \u00e0 mesma \u00e9poca, passos importantes para o avan\u00e7o da Ci\u00eancia e da Tecnologia foram dados com a cria\u00e7\u00e3o de Institui\u00e7\u00f5es relevantes como o Museu Nacional em 1818, primeiro Instituto de Pesquisa criado no pa\u00eds, e do <a href=\"https:\/\/ihgb.org.br\/ihgb\/historico.html\" target=\"_blank\" rel=\"noopener\">Instituto Hist\u00f3rico Geogr\u00e1fico Brasileiro<\/a>, em 1838. Campinas se destacava j\u00e1 a partir da obra de Hercule Florence, inventor franc\u00eas de um dos primeiros m\u00e9todos de fotografia no mundo e radicado na cidade. No ano de 1833<strong>,<\/strong> Florence fixou uma imagem por meio de uma c\u00e2mera, seis anos antes da inven\u00e7\u00e3o dos daguerre\u00f3tipos em 1839. Ainda durante o Imp\u00e9rio, impulsionados por Dom Pedro II eventos relacionados ao avan\u00e7o da ci\u00eancia se sucederam, caso da instala\u00e7\u00e3o, em 1887, da Imperial Esta\u00e7\u00e3o Agron\u00f4mica de Campinas, hoje denominada Instituto Agron\u00f4mico de Campinas, o IAC.<\/p>\n<figure id=\"attachment_511\" aria-describedby=\"caption-attachment-511\" style=\"width: 600px\" class=\"wp-caption aligncenter\"><img loading=\"lazy\" decoding=\"async\" class=\"size-full wp-image-511\" src=\"https:\/\/www.forumcampinas.org.br\/interdependencia\/wp-content\/uploads\/2023\/11\/acv_imgcapa_IMS.jpg\" alt=\"Fotografia de conjunto de r\u00f3tulos para frascos farmac\u00eauticos por Hercule Florence em 1833. Cr\u00e9dito: Acervo Instituto Moreira Salles \u2013 S\u00e3o Paulo\" width=\"600\" height=\"674\" srcset=\"https:\/\/www.forumcampinas.org.br\/interdependencia\/wp-content\/uploads\/2023\/11\/acv_imgcapa_IMS.jpg 600w, https:\/\/www.forumcampinas.org.br\/interdependencia\/wp-content\/uploads\/2023\/11\/acv_imgcapa_IMS-267x300.jpg 267w\" sizes=\"auto, (max-width: 600px) 100vw, 600px\" \/><figcaption id=\"caption-attachment-511\" class=\"wp-caption-text\">Fotografia de conjunto de r\u00f3tulos para frascos farmac\u00eauticos por Hercule Florence em 1833.<br \/>Cr\u00e9dito: Acervo Instituto Moreira Salles \u2013 S\u00e3o Paulo<\/figcaption><\/figure>\n<p>Com a Rep\u00fablica, o Brasil se empenhou para organizar uma infraestrutura aos moldes da Segunda Revolu\u00e7\u00e3o Industrial. Surgem os grandes conglomerados de empresas como a General Eletric (1892), a Shell (1907), a General Motors (1908) e a popula\u00e7\u00e3o passou a ter acesso a produtos industrializados em grande escala. Vale ressaltar o papel dos trabalhadores imigrantes advindos principalmente de pa\u00edses europeus e do Oriente ap\u00f3s o final da escravatura, e que aportaram singularidade \u00e0 popula\u00e7\u00e3o do pa\u00eds, pela intensa miscigena\u00e7\u00e3o de ra\u00e7as e mescla de valores e costumes. A iniciativa privada teve sempre relev\u00e2ncia na institucionaliza\u00e7\u00e3o da ci\u00eancia brasileira, em especial pela atua\u00e7\u00e3o das Universidades confessionais e com base na filantropia; mas, o papel do Estado foi fundamental para o seu desenvolvimento no s\u00e9culo XX. No ano de 1934 foi criada a Universidade de S\u00e3o Paulo\u2013USP e, em 1948, a Sociedade Brasileira para o Progresso da Ci\u00eancia-SBPC, mais dois passos importantes. A destina\u00e7\u00e3o de pelo menos 0,5% da arrecada\u00e7\u00e3o estadual para o amparo \u00e0 pesquisa, instrumento previsto na Constitui\u00e7\u00e3o do Estado de S\u00e3o Paulo de 1947, institucionalizou e deu in\u00edcio \u00e0 profissionaliza\u00e7\u00e3o da ci\u00eancia no Estado.<\/p>\n<p>Finda a Segunda Guerra Mundial, intensifica-se no mundo a import\u00e2ncia da Ci\u00eancia e da Tecnologia diante do ambiente internacional competitivo que se iniciava, e a d\u00e9cada de 1950 \u00e9 considerada a \u201cd\u00e9cada de ouro\u201d nesse campo. No Brasil, dentre os acontecimentos mais importantes, tem-se a cria\u00e7\u00e3o do Conselho Nacional de Desenvolvimento Cient\u00edfico e Tecnol\u00f3gico-CNPq, e da Coordena\u00e7\u00e3o de Aperfei\u00e7oamento de Pessoal de N\u00edvel Superior-CAPES, ambos em 1951. Na d\u00e9cada de 1960, ressalta-se a cria\u00e7\u00e3o da Funda\u00e7\u00e3o de Amparo \u00e0 Pesquisa do Estado de S\u00e3o Paulo\u2013FAPESP e da Universidade Estadual de Campinas\u2013UNICAMP. Notabilizam-se no cen\u00e1rio nacional v\u00e1rios cientistas, como o f\u00edsico C\u00e9sar Lattes, professor e pesquisador do Instituto de F\u00edsica Gleb Wataghin\/UNICAMP; tamb\u00e9m o c\u00e9lebre ge\u00f3grafo Milton Santos, criador do conceito do meio t\u00e9cnico-cient\u00edfico-informacional, um meio geogr\u00e1fico onde o territ\u00f3rio inclui obrigatoriamente ci\u00eancia, tecnologia e informa\u00e7\u00e3o; e Johanna D\u00f6bereiner, cientista que estudou a fundo o uso de bact\u00e9rias para fixa\u00e7\u00e3o de nitrog\u00eanio, introduzindo uma forma sustent\u00e1vel de trabalhar a agricultura e maximizando a produtividade no campo.<\/p>\n<figure id=\"attachment_510\" aria-describedby=\"caption-attachment-510\" style=\"width: 600px\" class=\"wp-caption aligncenter\"><img loading=\"lazy\" decoding=\"async\" class=\"size-full wp-image-510\" src=\"https:\/\/www.forumcampinas.org.br\/interdependencia\/wp-content\/uploads\/2023\/11\/1971-Lattes-com-microscopistas-de-seu-laboratorio.jpg\" alt=\"Cesar Lattes com microscopistas de seu laborat\u00f3rio no Instituto de F\u00edsica na Unicamp em 1971. Cr\u00e9dito: Fundo Cesar Lattes&quot; do Acervo Hist\u00f3rico do Arquivo Central\/SIARQ-Unicamp\" width=\"600\" height=\"387\" srcset=\"https:\/\/www.forumcampinas.org.br\/interdependencia\/wp-content\/uploads\/2023\/11\/1971-Lattes-com-microscopistas-de-seu-laboratorio.jpg 600w, https:\/\/www.forumcampinas.org.br\/interdependencia\/wp-content\/uploads\/2023\/11\/1971-Lattes-com-microscopistas-de-seu-laboratorio-300x194.jpg 300w\" sizes=\"auto, (max-width: 600px) 100vw, 600px\" \/><figcaption id=\"caption-attachment-510\" class=\"wp-caption-text\">Cesar Lattes com microscopistas de seu laborat\u00f3rio no Instituto de F\u00edsica na Unicamp em 1971.<br \/>Cr\u00e9dito: Fundo Cesar Lattes&#8221; do Acervo Hist\u00f3rico do Arquivo Central\/SIARQ-Unicamp<\/figcaption><\/figure>\n<p>Diversos Institutos e empresas de pesquisa cient\u00edfica e tecnol\u00f3gica surgiram igualmente nesse per\u00edodo, caso da Empresa Brasileira de Aeron\u00e1utica-EMBRAER em 1969, com as atividades iniciadas em 1970. No ano de 1973, outro passo importante \u00e9 dado com a cria\u00e7\u00e3o da <a href=\"https:\/\/www.forumcampinas.org.br\/interdependencia\/embrapa-empresa-brasileira-de-pesquisa-agropecuaria\/\" target=\"_blank\" rel=\"noopener\">Empresa Brasileira de Pesquisa Agropecu\u00e1ria-EMBRAPA<\/a>, hoje a maior empresa de pesquisa tropical do mundo, com representa\u00e7\u00e3o em quase todos os Estados brasileiros, mais de 40 unidades, c\u00e9lebre por antecipar o conceito da cadeia produtiva do agroneg\u00f3cio e por seu investimento em ci\u00eancia, tecnologia e inova\u00e7\u00e3o, que tornou o Brasil um dos maiores exportadores de gr\u00e3os do mundo.<\/p>\n<p>Os anos 1980 aportaram mais avan\u00e7os relevantes no campo cient\u00edfico e tecnol\u00f3gico, nacional e regionalmente. Com o advento da Nova Rep\u00fablica, em 1985, tem-se a cria\u00e7\u00e3o do Minist\u00e9rio da Ci\u00eancia e Tecnologia, atual Minist\u00e9rio da Ci\u00eancia, Tecnologia e Inova\u00e7\u00e3o. Em 1989, atrav\u00e9s da Constituinte Estadual, os pesquisadores paulistas conseguiram aumentar a dota\u00e7\u00e3o da FAPESP para 1% da arrecada\u00e7\u00e3o do Estado. J\u00e1 a d\u00e9cada de 1990, marcada pela globaliza\u00e7\u00e3o da economia, revelou um cen\u00e1rio de dificuldades para a ci\u00eancia brasileira, com v\u00e1rios desafios, inclusive a falta de investimento governamental. Momento importante para o setor foi a Confer\u00eancia das Na\u00e7\u00f5es Unidas para o Meio Ambiente e Desenvolvimento, a ECO 92, realizada no Rio de Janeiro, quando 175 pa\u00edses dos cinco continentes acordaram que era preciso avan\u00e7ar nas pesquisas cient\u00edficas e se definirem medidas para enfrentar as mudan\u00e7as clim\u00e1ticas, principalmente os danos do efeito estufa, protegendo a biodiversidade e promovendo o uso sustent\u00e1vel dos recursos naturais. A <em>Carta da Terra<\/em>, documento proposto pelas delega\u00e7\u00f5es presentes, definiu como temas principais: direitos humanos, democracia, diversidade, desenvolvimento econ\u00f4mico e sustent\u00e1vel, erradica\u00e7\u00e3o da pobreza e paz mundial.<\/p>\n<p>O s\u00e9culo XXI, j\u00e1 de in\u00edcio, apresentou oportunidades e marcos para o avan\u00e7o da pesquisa cient\u00edfica no Brasil, como o aumento consider\u00e1vel do n\u00famero de jovens no ensino superior e a promulga\u00e7\u00e3o da primeira Lei de Inova\u00e7\u00e3o Brasileira &#8211; Lei Federal n\u00ba 10.973\/2004 &#8211; e hoje 22 Estados j\u00e1 contam com leis pr\u00f3prias sobre o assunto. Em Campinas, inaugura-se o <a href=\"https:\/\/cnpem.br\/sirius-o-que-e-e-como-funciona-o-acelerador-de-particulas-brasileiro\/\" target=\"_blank\" rel=\"noopener\">acelerador de part\u00edculas Sirius<\/a>, considerado como um dos mais importantes projetos brasileiros no campo cient\u00edfico e tecnol\u00f3gico de todos os tempos. O engenheiro e cientista Ricardo Rodrigues iniciou os estudos com sua equipe ainda em 1985, pesquisando projeto semelhante na Universidade de Stanford, na Calif\u00f3rnia. Disso, resultou o UVX, primeiro acelerador de part\u00edculas de 2\u00aa gera\u00e7\u00e3o do Hemisf\u00e9rio Sul, nas instala\u00e7\u00f5es do Laborat\u00f3rio Nacional de Luz S\u00edncrotron\u2013LNLS em Campinas, em 1997. Nos anos seguintes, o LNLS se empenhou em construir um acelerador de part\u00edculas de 4\u00aa gera\u00e7\u00e3o \u2013 o Sirius. Em novembro de 2019, aconteceu a primeira volta dos el\u00e9trons no anel de armazenamento do Sirius, conduzindo o Brasil para a fronteira do conhecimento sobre o assunto em \u00e2mbito mundial.<\/p>\n<figure id=\"attachment_512\" aria-describedby=\"caption-attachment-512\" style=\"width: 600px\" class=\"wp-caption aligncenter\"><img loading=\"lazy\" decoding=\"async\" class=\"size-full wp-image-512\" src=\"https:\/\/www.forumcampinas.org.br\/interdependencia\/wp-content\/uploads\/2023\/11\/CNPEM-SIRIUS-aerea-01.jpg\" alt=\"O acelerador de part\u00edculas Sirius em Campinas: o projeto mais complexo da ci\u00eancia brasileira. Cr\u00e9dito: CNPEM.\" width=\"600\" height=\"300\" srcset=\"https:\/\/www.forumcampinas.org.br\/interdependencia\/wp-content\/uploads\/2023\/11\/CNPEM-SIRIUS-aerea-01.jpg 600w, https:\/\/www.forumcampinas.org.br\/interdependencia\/wp-content\/uploads\/2023\/11\/CNPEM-SIRIUS-aerea-01-300x150.jpg 300w\" sizes=\"auto, (max-width: 600px) 100vw, 600px\" \/><figcaption id=\"caption-attachment-512\" class=\"wp-caption-text\">O acelerador de part\u00edculas Sirius em Campinas: o projeto mais complexo da ci\u00eancia brasileira.<br \/>Cr\u00e9dito: CNPEM.<\/figcaption><\/figure>\n<p>A import\u00e2ncia do trin\u00f4mio Ci\u00eancia\u2013Tecnologia\u2013Inova\u00e7\u00e3o e seu papel no futuro do pa\u00eds podem ser avaliados nas palavras de Helena Bonciani Nader, Doutora em Ci\u00eancias Biol\u00f3gicas e primeira mulher eleita para a Presid\u00eancia da Academia Brasileira de Ci\u00eancias em 2022, desde a cria\u00e7\u00e3o da entidade em 1916, em seu Discurso de Abertura \u201cCi\u00eancia B\u00e1sica para o Desenvolvimento Sustent\u00e1vel\u201d na Reuni\u00e3o Magna de 2023, realizada no Museu do Amanh\u00e3 do Rio de Janeiro: \u201c<em>O Brasil precisa de ci\u00eancia e de futuro<\/em>. <em>Os cientistas seguem produzindo conhecimento e agora mais do que nunca \u00e9 imperativo usar esse saber para resolver os in\u00fameros problemas que se apresentam na sociedade brasileira, e assim abrir caminho para o desenvolvimento sustent\u00e1vel. Temos que ser, n\u00f3s do presente, a inspira\u00e7\u00e3o para as gera\u00e7\u00f5es futuras\u201d.<\/em><\/p>\n","protected":false},"excerpt":{"rendered":"<p>O F\u00f3rum de Inova\u00e7\u00e3o e Sustentabilidade Campinas &#8211; FISC surge no in\u00edcio dos anos 2000 com o prop\u00f3sito de estimular a intera\u00e7\u00e3o e a interdepend\u00eancia entre as Institui\u00e7\u00f5es de Pesquisa Cient\u00edfica e Tecnol\u00f3gica bastante renomadas da regi\u00e3o, aos moldes de um verdadeiro ecossistema, cuja mat\u00e9ria prima \u00e9 o trin\u00f4mio Ci\u00eancia\u2013Tecnologia\u2013Inova\u00e7\u00e3o e, assim, atender mais efetivamente [&hellip;]<\/p>\n","protected":false},"author":1,"featured_media":0,"parent":0,"menu_order":15,"comment_status":"closed","ping_status":"closed","template":"","meta":{"_acf_changed":false,"footnotes":""},"class_list":["post-39","page","type-page","status-publish","hentry"],"acf":[],"yoast_head":"<!-- This site is optimized with the Yoast SEO plugin v27.2 - https:\/\/yoast.com\/product\/yoast-seo-wordpress\/ -->\n<title>A import\u00e2ncia da Ci\u00eancia, da Tecnologia e da Inova\u00e7\u00e3o na constru\u00e7\u00e3o do cotidiano da vida coletiva - Interdepend\u00eancia<\/title>\n<meta name=\"description\" content=\"A FFCi surge no in\u00edcio dos anos 2000 com o objetivo de estimular a intera\u00e7\u00e3o entre as Institui\u00e7\u00f5es Cient\u00edficas e Tecnol\u00f3gica da regi\u00e3o.\" \/>\n<meta name=\"robots\" content=\"index, follow, max-snippet:-1, max-image-preview:large, max-video-preview:-1\" \/>\n<link rel=\"canonical\" href=\"https:\/\/www.forumcampinas.org.br\/interdependencia\/a-importancia-da-cti\/\" \/>\n<meta property=\"og:locale\" content=\"pt_BR\" \/>\n<meta property=\"og:type\" content=\"article\" \/>\n<meta property=\"og:title\" content=\"A import\u00e2ncia da Ci\u00eancia, da Tecnologia e da Inova\u00e7\u00e3o na constru\u00e7\u00e3o do cotidiano da vida coletiva - Interdepend\u00eancia\" \/>\n<meta property=\"og:description\" content=\"A FFCi surge no in\u00edcio dos anos 2000 com o objetivo de estimular a intera\u00e7\u00e3o entre as Institui\u00e7\u00f5es Cient\u00edficas e Tecnol\u00f3gica da regi\u00e3o.\" \/>\n<meta property=\"og:url\" content=\"https:\/\/www.forumcampinas.org.br\/interdependencia\/a-importancia-da-cti\/\" \/>\n<meta property=\"og:site_name\" content=\"Interdepend\u00eancia\" \/>\n<meta property=\"article:modified_time\" content=\"2023-12-11T09:21:49+00:00\" \/>\n<meta property=\"og:image\" content=\"https:\/\/www.forumcampinas.org.br\/interdependencia\/wp-content\/uploads\/2023\/11\/acv_imgcapa_IMS.jpg\" \/>\n<meta name=\"twitter:card\" content=\"summary_large_image\" \/>\n<meta name=\"twitter:label1\" content=\"Est. tempo de leitura\" \/>\n\t<meta name=\"twitter:data1\" content=\"8 minutos\" \/>\n<script type=\"application\/ld+json\" class=\"yoast-schema-graph\">{\"@context\":\"https:\/\/schema.org\",\"@graph\":[{\"@type\":\"WebPage\",\"@id\":\"https:\/\/www.forumcampinas.org.br\/interdependencia\/a-importancia-da-cti\/\",\"url\":\"https:\/\/www.forumcampinas.org.br\/interdependencia\/a-importancia-da-cti\/\",\"name\":\"A import\u00e2ncia da Ci\u00eancia, da Tecnologia e da Inova\u00e7\u00e3o na constru\u00e7\u00e3o do cotidiano da vida coletiva - Interdepend\u00eancia\",\"isPartOf\":{\"@id\":\"https:\/\/www.forumcampinas.org.br\/interdependencia\/#website\"},\"primaryImageOfPage\":{\"@id\":\"https:\/\/www.forumcampinas.org.br\/interdependencia\/a-importancia-da-cti\/#primaryimage\"},\"image\":{\"@id\":\"https:\/\/www.forumcampinas.org.br\/interdependencia\/a-importancia-da-cti\/#primaryimage\"},\"thumbnailUrl\":\"https:\/\/www.forumcampinas.org.br\/interdependencia\/wp-content\/uploads\/2023\/11\/acv_imgcapa_IMS.jpg\",\"datePublished\":\"2023-10-18T11:17:42+00:00\",\"dateModified\":\"2023-12-11T09:21:49+00:00\",\"description\":\"A FFCi surge no in\u00edcio dos anos 2000 com o objetivo de estimular a intera\u00e7\u00e3o entre as Institui\u00e7\u00f5es Cient\u00edficas e Tecnol\u00f3gica da regi\u00e3o.\",\"breadcrumb\":{\"@id\":\"https:\/\/www.forumcampinas.org.br\/interdependencia\/a-importancia-da-cti\/#breadcrumb\"},\"inLanguage\":\"pt-BR\",\"potentialAction\":[{\"@type\":\"ReadAction\",\"target\":[\"https:\/\/www.forumcampinas.org.br\/interdependencia\/a-importancia-da-cti\/\"]}]},{\"@type\":\"ImageObject\",\"inLanguage\":\"pt-BR\",\"@id\":\"https:\/\/www.forumcampinas.org.br\/interdependencia\/a-importancia-da-cti\/#primaryimage\",\"url\":\"https:\/\/www.forumcampinas.org.br\/interdependencia\/wp-content\/uploads\/2023\/11\/acv_imgcapa_IMS.jpg\",\"contentUrl\":\"https:\/\/www.forumcampinas.org.br\/interdependencia\/wp-content\/uploads\/2023\/11\/acv_imgcapa_IMS.jpg\",\"width\":600,\"height\":674,\"caption\":\"Fotografia de conjunto de r\u00f3tulos para frascos farmac\u00eauticos por Hercule Florence em 1833. Cr\u00e9dito: Acervo Instituto Moreira Salles \u2013 S\u00e3o Paulo\"},{\"@type\":\"BreadcrumbList\",\"@id\":\"https:\/\/www.forumcampinas.org.br\/interdependencia\/a-importancia-da-cti\/#breadcrumb\",\"itemListElement\":[{\"@type\":\"ListItem\",\"position\":1,\"name\":\"In\u00edcio\",\"item\":\"https:\/\/www.forumcampinas.org.br\/interdependencia\/\"},{\"@type\":\"ListItem\",\"position\":2,\"name\":\"A import\u00e2ncia da Ci\u00eancia, da Tecnologia e da Inova\u00e7\u00e3o na constru\u00e7\u00e3o do cotidiano da vida coletiva\"}]},{\"@type\":\"WebSite\",\"@id\":\"https:\/\/www.forumcampinas.org.br\/interdependencia\/#website\",\"url\":\"https:\/\/www.forumcampinas.org.br\/interdependencia\/\",\"name\":\"Interdepend\u00eancia\",\"description\":\"Ci\u00eancia, Tecnologia e Inova\u00e7\u00e3o e a Regi\u00e3o de Campinas\",\"publisher\":{\"@id\":\"https:\/\/www.forumcampinas.org.br\/interdependencia\/#organization\"},\"potentialAction\":[{\"@type\":\"SearchAction\",\"target\":{\"@type\":\"EntryPoint\",\"urlTemplate\":\"https:\/\/www.forumcampinas.org.br\/interdependencia\/?s={search_term_string}\"},\"query-input\":{\"@type\":\"PropertyValueSpecification\",\"valueRequired\":true,\"valueName\":\"search_term_string\"}}],\"inLanguage\":\"pt-BR\"},{\"@type\":\"Organization\",\"@id\":\"https:\/\/www.forumcampinas.org.br\/interdependencia\/#organization\",\"name\":\"Interdepend\u00eancia\",\"url\":\"https:\/\/www.forumcampinas.org.br\/interdependencia\/\",\"logo\":{\"@type\":\"ImageObject\",\"inLanguage\":\"pt-BR\",\"@id\":\"https:\/\/www.forumcampinas.org.br\/interdependencia\/#\/schema\/logo\/image\/\",\"url\":\"https:\/\/www.forumcampinas.org.br\/interdependencia\/wp-content\/uploads\/2023\/11\/interdependencia.png\",\"contentUrl\":\"https:\/\/www.forumcampinas.org.br\/interdependencia\/wp-content\/uploads\/2023\/11\/interdependencia.png\",\"width\":757,\"height\":195,\"caption\":\"Interdepend\u00eancia\"},\"image\":{\"@id\":\"https:\/\/www.forumcampinas.org.br\/interdependencia\/#\/schema\/logo\/image\/\"}}]}<\/script>\n<!-- \/ Yoast SEO plugin. -->","yoast_head_json":{"title":"A import\u00e2ncia da Ci\u00eancia, da Tecnologia e da Inova\u00e7\u00e3o na constru\u00e7\u00e3o do cotidiano da vida coletiva - Interdepend\u00eancia","description":"A FFCi surge no in\u00edcio dos anos 2000 com o objetivo de estimular a intera\u00e7\u00e3o entre as Institui\u00e7\u00f5es Cient\u00edficas e Tecnol\u00f3gica da regi\u00e3o.","robots":{"index":"index","follow":"follow","max-snippet":"max-snippet:-1","max-image-preview":"max-image-preview:large","max-video-preview":"max-video-preview:-1"},"canonical":"https:\/\/www.forumcampinas.org.br\/interdependencia\/a-importancia-da-cti\/","og_locale":"pt_BR","og_type":"article","og_title":"A import\u00e2ncia da Ci\u00eancia, da Tecnologia e da Inova\u00e7\u00e3o na constru\u00e7\u00e3o do cotidiano da vida coletiva - Interdepend\u00eancia","og_description":"A FFCi surge no in\u00edcio dos anos 2000 com o objetivo de estimular a intera\u00e7\u00e3o entre as Institui\u00e7\u00f5es Cient\u00edficas e Tecnol\u00f3gica da regi\u00e3o.","og_url":"https:\/\/www.forumcampinas.org.br\/interdependencia\/a-importancia-da-cti\/","og_site_name":"Interdepend\u00eancia","article_modified_time":"2023-12-11T09:21:49+00:00","og_image":[{"url":"https:\/\/www.forumcampinas.org.br\/interdependencia\/wp-content\/uploads\/2023\/11\/acv_imgcapa_IMS.jpg","type":"","width":"","height":""}],"twitter_card":"summary_large_image","twitter_misc":{"Est. tempo de leitura":"8 minutos"},"schema":{"@context":"https:\/\/schema.org","@graph":[{"@type":"WebPage","@id":"https:\/\/www.forumcampinas.org.br\/interdependencia\/a-importancia-da-cti\/","url":"https:\/\/www.forumcampinas.org.br\/interdependencia\/a-importancia-da-cti\/","name":"A import\u00e2ncia da Ci\u00eancia, da Tecnologia e da Inova\u00e7\u00e3o na constru\u00e7\u00e3o do cotidiano da vida coletiva - Interdepend\u00eancia","isPartOf":{"@id":"https:\/\/www.forumcampinas.org.br\/interdependencia\/#website"},"primaryImageOfPage":{"@id":"https:\/\/www.forumcampinas.org.br\/interdependencia\/a-importancia-da-cti\/#primaryimage"},"image":{"@id":"https:\/\/www.forumcampinas.org.br\/interdependencia\/a-importancia-da-cti\/#primaryimage"},"thumbnailUrl":"https:\/\/www.forumcampinas.org.br\/interdependencia\/wp-content\/uploads\/2023\/11\/acv_imgcapa_IMS.jpg","datePublished":"2023-10-18T11:17:42+00:00","dateModified":"2023-12-11T09:21:49+00:00","description":"A FFCi surge no in\u00edcio dos anos 2000 com o objetivo de estimular a intera\u00e7\u00e3o entre as Institui\u00e7\u00f5es Cient\u00edficas e Tecnol\u00f3gica da regi\u00e3o.","breadcrumb":{"@id":"https:\/\/www.forumcampinas.org.br\/interdependencia\/a-importancia-da-cti\/#breadcrumb"},"inLanguage":"pt-BR","potentialAction":[{"@type":"ReadAction","target":["https:\/\/www.forumcampinas.org.br\/interdependencia\/a-importancia-da-cti\/"]}]},{"@type":"ImageObject","inLanguage":"pt-BR","@id":"https:\/\/www.forumcampinas.org.br\/interdependencia\/a-importancia-da-cti\/#primaryimage","url":"https:\/\/www.forumcampinas.org.br\/interdependencia\/wp-content\/uploads\/2023\/11\/acv_imgcapa_IMS.jpg","contentUrl":"https:\/\/www.forumcampinas.org.br\/interdependencia\/wp-content\/uploads\/2023\/11\/acv_imgcapa_IMS.jpg","width":600,"height":674,"caption":"Fotografia de conjunto de r\u00f3tulos para frascos farmac\u00eauticos por Hercule Florence em 1833. Cr\u00e9dito: Acervo Instituto Moreira Salles \u2013 S\u00e3o Paulo"},{"@type":"BreadcrumbList","@id":"https:\/\/www.forumcampinas.org.br\/interdependencia\/a-importancia-da-cti\/#breadcrumb","itemListElement":[{"@type":"ListItem","position":1,"name":"In\u00edcio","item":"https:\/\/www.forumcampinas.org.br\/interdependencia\/"},{"@type":"ListItem","position":2,"name":"A import\u00e2ncia da Ci\u00eancia, da Tecnologia e da Inova\u00e7\u00e3o na constru\u00e7\u00e3o do cotidiano da vida coletiva"}]},{"@type":"WebSite","@id":"https:\/\/www.forumcampinas.org.br\/interdependencia\/#website","url":"https:\/\/www.forumcampinas.org.br\/interdependencia\/","name":"Interdepend\u00eancia","description":"Ci\u00eancia, Tecnologia e Inova\u00e7\u00e3o e a Regi\u00e3o de Campinas","publisher":{"@id":"https:\/\/www.forumcampinas.org.br\/interdependencia\/#organization"},"potentialAction":[{"@type":"SearchAction","target":{"@type":"EntryPoint","urlTemplate":"https:\/\/www.forumcampinas.org.br\/interdependencia\/?s={search_term_string}"},"query-input":{"@type":"PropertyValueSpecification","valueRequired":true,"valueName":"search_term_string"}}],"inLanguage":"pt-BR"},{"@type":"Organization","@id":"https:\/\/www.forumcampinas.org.br\/interdependencia\/#organization","name":"Interdepend\u00eancia","url":"https:\/\/www.forumcampinas.org.br\/interdependencia\/","logo":{"@type":"ImageObject","inLanguage":"pt-BR","@id":"https:\/\/www.forumcampinas.org.br\/interdependencia\/#\/schema\/logo\/image\/","url":"https:\/\/www.forumcampinas.org.br\/interdependencia\/wp-content\/uploads\/2023\/11\/interdependencia.png","contentUrl":"https:\/\/www.forumcampinas.org.br\/interdependencia\/wp-content\/uploads\/2023\/11\/interdependencia.png","width":757,"height":195,"caption":"Interdepend\u00eancia"},"image":{"@id":"https:\/\/www.forumcampinas.org.br\/interdependencia\/#\/schema\/logo\/image\/"}}]}},"_links":{"self":[{"href":"https:\/\/www.forumcampinas.org.br\/interdependencia\/wp-json\/wp\/v2\/pages\/39","targetHints":{"allow":["GET"]}}],"collection":[{"href":"https:\/\/www.forumcampinas.org.br\/interdependencia\/wp-json\/wp\/v2\/pages"}],"about":[{"href":"https:\/\/www.forumcampinas.org.br\/interdependencia\/wp-json\/wp\/v2\/types\/page"}],"author":[{"embeddable":true,"href":"https:\/\/www.forumcampinas.org.br\/interdependencia\/wp-json\/wp\/v2\/users\/1"}],"replies":[{"embeddable":true,"href":"https:\/\/www.forumcampinas.org.br\/interdependencia\/wp-json\/wp\/v2\/comments?post=39"}],"version-history":[{"count":15,"href":"https:\/\/www.forumcampinas.org.br\/interdependencia\/wp-json\/wp\/v2\/pages\/39\/revisions"}],"predecessor-version":[{"id":801,"href":"https:\/\/www.forumcampinas.org.br\/interdependencia\/wp-json\/wp\/v2\/pages\/39\/revisions\/801"}],"wp:attachment":[{"href":"https:\/\/www.forumcampinas.org.br\/interdependencia\/wp-json\/wp\/v2\/media?parent=39"}],"curies":[{"name":"wp","href":"https:\/\/api.w.org\/{rel}","templated":true}]}}