{"id":41,"date":"2023-10-18T08:18:15","date_gmt":"2023-10-18T11:18:15","guid":{"rendered":"https:\/\/www.forumcampinas.org.br\/interdependencia\/?page_id=41"},"modified":"2023-11-15T07:53:17","modified_gmt":"2023-11-15T10:53:17","slug":"o-polo-de-alta-tecnologia-de-campinas","status":"publish","type":"page","link":"https:\/\/www.forumcampinas.org.br\/interdependencia\/o-polo-de-alta-tecnologia-de-campinas\/","title":{"rendered":"Campinas: metr\u00f3pole de alta tecnologia, inova\u00e7\u00e3o e do conhecimento"},"content":{"rendered":"<p>A metr\u00f3pole de Campinas \u00e9 considerada um Polo de Alta Tecnologia devido \u00e0 concentra\u00e7\u00e3o, \u00edmpar no pa\u00eds, de Institui\u00e7\u00f5es de ensino e de pesquisa cient\u00edfica e tecnol\u00f3gica que abriga em seu territ\u00f3rio. O germe desse desenvolvimento, quando a Ci\u00eancia ainda engatinhava no Brasil, encontra-se na hist\u00f3ria da regi\u00e3o, em suas origens desde o per\u00edodo da instala\u00e7\u00e3o dos engenhos de cana-de-a\u00e7\u00facar na segunda metade do s\u00e9culo XVIII, conhecido como \u201ca onda verde\u201d, que modificou o panorama econ\u00f4mico e social da regi\u00e3o, criando estruturas vi\u00e1rias, desenvolvendo o com\u00e9rcio e conformando a primeira elite agr\u00e1ria local, at\u00e9 o surgimento do ciclo econ\u00f4mico seguinte definido pela cultura do caf\u00e9.<\/p>\n<p>A economia cafeeira foi respons\u00e1vel pelo desenvolvimento econ\u00f4mico do Estado de S\u00e3o Paulo, promovendo a chegada das estradas de ferro a partir de 1872, como a Companhia Paulista de Estradas de Ferro ligando Campinas a Jundia\u00ed, e a Companhia Mogiana conectando a cidade ao sul de Minas Gerais, e assim garantindo o escoamento do caf\u00e9 para o porto de Santos e para o interior. Igualmente, houve o desenvolvimento fabril, com a mecaniza\u00e7\u00e3o aplicada ao beneficiamento da produ\u00e7\u00e3o cafeeira, e posteriormente a outras culturas agr\u00edcolas, como o algod\u00e3o.<\/p>\n<p>Antes mesmo da Proclama\u00e7\u00e3o da Rep\u00fablica em 1889, j\u00e1 havia sido inaugurada em Campinas por Dom Pedro II, em 1887, a Imperial Esta\u00e7\u00e3o Agron\u00f4mica, atual <a href=\"https:\/\/www.forumcampinas.org.br\/interdependencia\/iac-instituto-agronomico-de-campinas\/\">Instituto Agron\u00f4mico de Campinas-IAC<\/a>. A cidade teve representantes ativos na instala\u00e7\u00e3o do novo regime, e foi contemplada com a instala\u00e7\u00e3o de uma das primeiras casas de pesquisa agron\u00f4mica brasileira, com o objetivo de solucionar os problemas existentes na cultura do caf\u00e9. Era necess\u00e1rio descobrir, por meio das pesquisas, os m\u00e9todos e t\u00e9cnicas para a expans\u00e3o da produ\u00e7\u00e3o de caf\u00e9 de forma integrada ao uso racional do solo.<\/p>\n<figure id=\"attachment_526\" aria-describedby=\"caption-attachment-526\" style=\"width: 600px\" class=\"wp-caption aligncenter\"><img loading=\"lazy\" decoding=\"async\" class=\"size-full wp-image-526\" src=\"https:\/\/www.forumcampinas.org.br\/interdependencia\/wp-content\/uploads\/2023\/11\/Maquete-Fabrica-Lidgerwood.jpg\" alt=\"Maquete da F\u00e1brica Lidgerwood de m\u00e1quinas agr\u00edcolas (1884), Museu da Cidade, Campinas, SP. - Cr\u00e9dito: Isabela Cristina Salgado, 2018.\" width=\"600\" height=\"435\" srcset=\"https:\/\/www.forumcampinas.org.br\/interdependencia\/wp-content\/uploads\/2023\/11\/Maquete-Fabrica-Lidgerwood.jpg 600w, https:\/\/www.forumcampinas.org.br\/interdependencia\/wp-content\/uploads\/2023\/11\/Maquete-Fabrica-Lidgerwood-300x218.jpg 300w\" sizes=\"auto, (max-width: 600px) 100vw, 600px\" \/><figcaption id=\"caption-attachment-526\" class=\"wp-caption-text\">Maquete da F\u00e1brica Lidgerwood de m\u00e1quinas agr\u00edcolas (1884), Museu da Cidade, Campinas, SP.<br \/>Cr\u00e9dito: Isabela Cristina Salgado, 2018.<\/figcaption><\/figure>\n<p>Por estar na zona cafeeira e possuir grandes possibilidades de crescimento, Campinas foi a cidade escolhida para a instala\u00e7\u00e3o da nova Institui\u00e7\u00e3o, inspirada nas ag\u00eancias agron\u00f4micas europeias. Com a crise do caf\u00e9 na d\u00e9cada de 1930, incorporou-se o beneficiamento do algod\u00e3o nas instala\u00e7\u00f5es fabris existentes, bem como o processamento mecanizado de outras culturas, e a cidade vai assumindo, gradativamente, um perfil mais industrial. Juntamente com o crescimento da cidade, a migra\u00e7\u00e3o se torna um fator de destaque: entre 1950 e 1990, o territ\u00f3rio de Campinas aumenta quinze vezes de tamanho e sua popula\u00e7\u00e3o cerca de cinco vezes.<\/p>\n<p>A partir de meados da d\u00e9cada de 1960, Campinas absorve o fluxo originado pela desconcentra\u00e7\u00e3o industrial da metr\u00f3pole de S\u00e3o Paulo. Empreendimentos estatais na \u00e1rea de pesquisa e tecnologia foram direcionados para a regi\u00e3o, com a implanta\u00e7\u00e3o de importantes empresas nos setores de inform\u00e1tica, telecomunica\u00e7\u00f5es, energia e eletr\u00f4nica, cuja contribui\u00e7\u00e3o foi decisiva para a consolida\u00e7\u00e3o do processo de interioriza\u00e7\u00e3o e de moderniza\u00e7\u00e3o da ind\u00fastria paulista. A natureza metropolitana da antiga regi\u00e3o administrativa se consolida, bem como a identifica\u00e7\u00e3o de Campinas como polo cient\u00edfico e tecnol\u00f3gico, destacando-se, nessa perspectiva, alguns importantes marcos hist\u00f3ricos como: <u>1966<\/u> = cria\u00e7\u00e3o da <a href=\"https:\/\/www.forumcampinas.org.br\/interdependencia\/unicamp-universidade-estadual-de-campinas\/\">Universidade Estadual de Campinas-UNICAMP<\/a>; <u>1972<\/u> = inaugura\u00e7\u00e3o da Refinaria de Paul\u00ednia-REPLAN e atribui\u00e7\u00e3o da l\u00e1urea de <a href=\"https:\/\/www.forumcampinas.org.br\/interdependencia\/puc-campinas-pontificia-universidade-catolica-de-campinas\/\">Pontif\u00edcia \u00e0 Universidade Cat\u00f3lica de Campinas<\/a> pelo Papa Paulo VI, atual PUC-Campinas; <u>1975<\/u> = instala\u00e7\u00e3o da <a href=\"https:\/\/www.embrapa.br\/pecuaria-sudeste\/unidade\/apresentacao\" target=\"_blank\" rel=\"noopener\">EMBRAPA Pecu\u00e1ria Sudeste<\/a> em S\u00e3o Carlos; <u>1976<\/u> = instala\u00e7\u00e3o do <a href=\"https:\/\/www.forumcampinas.org.br\/interdependencia\/fundacao-cpqd-centro-de-pesquisa-e-desenvolvimento-em-telecomunicacoes\/\">Centro de Pesquisa e Desenvolvimento em Telecomunica\u00e7\u00f5es-CPqD<\/a>, cria\u00e7\u00e3o do Departamento de Eletr\u00f4nica Qu\u00e2ntica no Instituto de F\u00edsica da <a href=\"https:\/\/www.forumcampinas.org.br\/interdependencia\/unicamp-universidade-estadual-de-campinas\/\">UNICAMP<\/a>\u00a0 e da <a href=\"https:\/\/www.forumcampinas.org.br\/interdependencia\/ima-informatica-de-municipios-associados\/\">Inform\u00e1tica de Munic\u00edpios Associados-IMA<\/a>; <u>1982<\/u> = instala\u00e7\u00e3o do <a href=\"https:\/\/www.forumcampinas.org.br\/interdependencia\/linha-do-tempo\/cti\/\">Centro de Tecnologia para a Inform\u00e1tica-CTI<\/a>; <u>1985<\/u> = cria\u00e7\u00e3o da <a href=\"https:\/\/www.forumcampinas.org.br\/interdependencia\/embrapa-empresa-brasileira-de-pesquisa-agropecuaria\/#acordeon2\" data-bs-toggle=\"collapse\" data-bs-target=\"#flush-collapse2\">EMBRAPA Agricultura Digital<\/a>, no Campus da UNICAMP; <u>1986<\/u> = cria\u00e7\u00e3o da Companhia de Desenvolvimento do Polo de Alta Tecnologia de Campinas-CIATEC, com o prop\u00f3sito de estimular a implanta\u00e7\u00e3o de polos de tecnologia no Munic\u00edpio; <u>1987<\/u> = cria\u00e7\u00e3o do <a href=\"https:\/\/lnls.cnpem.br\/sobre\/\" target=\"_blank\" rel=\"noopener\">Laborat\u00f3rio Nacional de Luz S\u00edncrotron-LNLS<\/a> pelo Conselho Nacional de Desenvolvimento Cient\u00edfico e Tecnol\u00f3gico-CNPq; <u>1989<\/u> = cria\u00e7\u00e3o da EMBRAPA Monitoramento por Sat\u00e9lite, atual <a href=\"https:\/\/www.forumcampinas.org.br\/interdependencia\/embrapa-empresa-brasileira-de-pesquisa-agropecuaria\/#acordeon3\">EMBRAPA Territorial<\/a>.<\/p>\n<figure id=\"attachment_527\" aria-describedby=\"caption-attachment-527\" style=\"width: 600px\" class=\"wp-caption aligncenter\"><img loading=\"lazy\" decoding=\"async\" class=\"size-full wp-image-527\" src=\"https:\/\/www.forumcampinas.org.br\/interdependencia\/wp-content\/uploads\/2023\/11\/Vista-aerea-do-Campus-da-Universidade-Estadual-de-Campinas-em-1976.jpg\" alt=\"Vista a\u00e9rea do Campus da Universidade Estadual de Campinas em 1976. - Cr\u00e9dito: Acervo SIARQ\/UNICAMP.\" width=\"600\" height=\"555\" srcset=\"https:\/\/www.forumcampinas.org.br\/interdependencia\/wp-content\/uploads\/2023\/11\/Vista-aerea-do-Campus-da-Universidade-Estadual-de-Campinas-em-1976.jpg 600w, https:\/\/www.forumcampinas.org.br\/interdependencia\/wp-content\/uploads\/2023\/11\/Vista-aerea-do-Campus-da-Universidade-Estadual-de-Campinas-em-1976-300x278.jpg 300w\" sizes=\"auto, (max-width: 600px) 100vw, 600px\" \/><figcaption id=\"caption-attachment-527\" class=\"wp-caption-text\">Vista a\u00e9rea do Campus da Universidade Estadual de Campinas em 1976.<br \/>Cr\u00e9dito: Acervo SIARQ\/UNICAMP.<\/figcaption><\/figure>\n<figure id=\"attachment_525\" aria-describedby=\"caption-attachment-525\" style=\"width: 600px\" class=\"wp-caption aligncenter\"><img loading=\"lazy\" decoding=\"async\" class=\"size-full wp-image-525\" src=\"https:\/\/www.forumcampinas.org.br\/interdependencia\/wp-content\/uploads\/2023\/11\/Cartaa-indutivo-e-telefones-criados-pelo-CPQD.jpg\" alt=\"Cart\u00e3o indutivo e telefones criados pelo CPQD. - Cr\u00e9dito: Acervo de fotos hist\u00f3ricas do CPQD, Campinas, SP.\" width=\"600\" height=\"283\" srcset=\"https:\/\/www.forumcampinas.org.br\/interdependencia\/wp-content\/uploads\/2023\/11\/Cartaa-indutivo-e-telefones-criados-pelo-CPQD.jpg 600w, https:\/\/www.forumcampinas.org.br\/interdependencia\/wp-content\/uploads\/2023\/11\/Cartaa-indutivo-e-telefones-criados-pelo-CPQD-300x142.jpg 300w\" sizes=\"auto, (max-width: 600px) 100vw, 600px\" \/><figcaption id=\"caption-attachment-525\" class=\"wp-caption-text\">Cart\u00e3o indutivo e telefones criados pelo CPQD.<br \/>Cr\u00e9dito: Acervo de fotos hist\u00f3ricas do CPQD, Campinas, SP.<\/figcaption><\/figure>\n<p>No bojo de um movimento de metropoliza\u00e7\u00e3o de v\u00e1rias aglomera\u00e7\u00f5es urbanas, intensificado no Brasil a partir de meados dos anos 1970, cria-se em junho de 2000 a <a href=\"https:\/\/agemcamp.sp.gov.br\/sobre-a-rmc\/\" target=\"_blank\" rel=\"noopener\">Regi\u00e3o Metropolitana de Campinas-RMC<\/a> pela <a href=\"https:\/\/www.al.sp.gov.br\/repositorio\/legislacao\/lei.complementar\/2000\/lei.complementar-870-19.06.2000.html\" target=\"_blank\" rel=\"noopener\">Lei Complementar Estadual de S\u00e3o Paulo n\u00ba 870<\/a>. Hoje composta por 20 munic\u00edpios, conta com uma popula\u00e7\u00e3o em torno de 3 milh\u00f5es de pessoas, e tem como diferencial renomado o PIB <em>per capita<\/em> elevado, que suplanta o patamar nacional e o do pr\u00f3prio Estado de S\u00e3o Paulo. O Munic\u00edpio de Campinas, sede da RMC, registrou popula\u00e7\u00e3o de 1.138.309 habitantes no \u00faltimo censo do IBGE (2020), e \u00e9 considerado o terceiro parque industrial do Brasil, com quantidade expressiva de <em>startups<\/em> e incubadoras de empresas de base tecnol\u00f3gica. \u00c0 parte a relevante colet\u00e2nea de dados estat\u00edsticos, a posi\u00e7\u00e3o conquistada pela metr\u00f3pole campineira como regi\u00e3o produtora de bens e conhecimento tem sua for\u00e7a motriz naquilo que parece ser o passaporte para o futuro, <u>a inova\u00e7\u00e3o<\/u>, ou seja, o resultado da transforma\u00e7\u00e3o do conhecimento em algo efetivamente \u00fatil para a sociedade, seja uma tecnologia, um produto ou um servi\u00e7o, e que para al\u00e9m desse benef\u00edcio, gere tamb\u00e9m emprego e renda.<\/p>\n<p>As pesquisas cient\u00edficas que proporcionam moderniza\u00e7\u00f5es tecnol\u00f3gicas s\u00e3o, assim, processos que impactam significativamente na organiza\u00e7\u00e3o dos espa\u00e7os, na economia, na ordem social, no mercado de trabalho, e em todos os demais aspectos da vida coletiva. Portanto, para que a metr\u00f3pole de Campinas permane\u00e7a efetivamente reconhecida como um polo de inova\u00e7\u00e3o em car\u00e1ter abrangente, essa inten\u00e7\u00e3o dever\u00e1 se expressar continuamente nos planos, projetos e a\u00e7\u00f5es voltadas ao seu desenvolvimento, as quais considerem, absolutamente, todos os desdobramentos econ\u00f4micos, ambientais e sociais. E que se estendam a toda a comunidade, respeitando sua heterogeneidade, com vistas a ser exemplar, uma refer\u00eancia enfim, de um bom e ideal lugar para se viver o futuro.<\/p>\n","protected":false},"excerpt":{"rendered":"<p>A metr\u00f3pole de Campinas \u00e9 considerada um Polo de Alta Tecnologia devido \u00e0 concentra\u00e7\u00e3o, \u00edmpar no pa\u00eds, de Institui\u00e7\u00f5es de ensino e de pesquisa cient\u00edfica e tecnol\u00f3gica que abriga em seu territ\u00f3rio. O germe desse desenvolvimento, quando a Ci\u00eancia ainda engatinhava no Brasil, encontra-se na hist\u00f3ria da regi\u00e3o, em suas origens desde o per\u00edodo da [&hellip;]<\/p>\n","protected":false},"author":1,"featured_media":0,"parent":0,"menu_order":20,"comment_status":"closed","ping_status":"closed","template":"","meta":{"_acf_changed":false,"footnotes":""},"class_list":["post-41","page","type-page","status-publish","hentry"],"acf":[],"yoast_head":"<!-- This site is optimized with the Yoast SEO plugin v27.2 - https:\/\/yoast.com\/product\/yoast-seo-wordpress\/ -->\n<title>Campinas: metr\u00f3pole de alta tecnologia, inova\u00e7\u00e3o e do conhecimento - Interdepend\u00eancia<\/title>\n<meta name=\"description\" content=\"Campinas \u00e9 um Polo de Alta Tecnologia devido \u00e0 concentra\u00e7\u00e3o de Institui\u00e7\u00f5es de ensino e de pesquisa cient\u00edfica e tecnol\u00f3gica.\" \/>\n<meta name=\"robots\" content=\"index, follow, max-snippet:-1, max-image-preview:large, max-video-preview:-1\" \/>\n<link rel=\"canonical\" href=\"https:\/\/www.forumcampinas.org.br\/interdependencia\/o-polo-de-alta-tecnologia-de-campinas\/\" \/>\n<meta property=\"og:locale\" content=\"pt_BR\" \/>\n<meta property=\"og:type\" content=\"article\" \/>\n<meta property=\"og:title\" content=\"Campinas: metr\u00f3pole de alta tecnologia, inova\u00e7\u00e3o e do conhecimento - Interdepend\u00eancia\" \/>\n<meta property=\"og:description\" content=\"Campinas \u00e9 um Polo de Alta Tecnologia devido \u00e0 concentra\u00e7\u00e3o de Institui\u00e7\u00f5es de ensino e de pesquisa cient\u00edfica e tecnol\u00f3gica.\" \/>\n<meta property=\"og:url\" content=\"https:\/\/www.forumcampinas.org.br\/interdependencia\/o-polo-de-alta-tecnologia-de-campinas\/\" \/>\n<meta property=\"og:site_name\" content=\"Interdepend\u00eancia\" \/>\n<meta property=\"article:modified_time\" content=\"2023-11-15T10:53:17+00:00\" \/>\n<meta property=\"og:image\" content=\"https:\/\/www.forumcampinas.org.br\/interdependencia\/wp-content\/uploads\/2023\/11\/Maquete-Fabrica-Lidgerwood.jpg\" \/>\n<meta name=\"twitter:card\" content=\"summary_large_image\" \/>\n<meta name=\"twitter:label1\" content=\"Est. tempo de leitura\" \/>\n\t<meta name=\"twitter:data1\" content=\"6 minutos\" \/>\n<script type=\"application\/ld+json\" class=\"yoast-schema-graph\">{\"@context\":\"https:\/\/schema.org\",\"@graph\":[{\"@type\":\"WebPage\",\"@id\":\"https:\/\/www.forumcampinas.org.br\/interdependencia\/o-polo-de-alta-tecnologia-de-campinas\/\",\"url\":\"https:\/\/www.forumcampinas.org.br\/interdependencia\/o-polo-de-alta-tecnologia-de-campinas\/\",\"name\":\"Campinas: metr\u00f3pole de alta tecnologia, inova\u00e7\u00e3o e do conhecimento - Interdepend\u00eancia\",\"isPartOf\":{\"@id\":\"https:\/\/www.forumcampinas.org.br\/interdependencia\/#website\"},\"primaryImageOfPage\":{\"@id\":\"https:\/\/www.forumcampinas.org.br\/interdependencia\/o-polo-de-alta-tecnologia-de-campinas\/#primaryimage\"},\"image\":{\"@id\":\"https:\/\/www.forumcampinas.org.br\/interdependencia\/o-polo-de-alta-tecnologia-de-campinas\/#primaryimage\"},\"thumbnailUrl\":\"https:\/\/www.forumcampinas.org.br\/interdependencia\/wp-content\/uploads\/2023\/11\/Maquete-Fabrica-Lidgerwood.jpg\",\"datePublished\":\"2023-10-18T11:18:15+00:00\",\"dateModified\":\"2023-11-15T10:53:17+00:00\",\"description\":\"Campinas \u00e9 um Polo de Alta Tecnologia devido \u00e0 concentra\u00e7\u00e3o de Institui\u00e7\u00f5es de ensino e de pesquisa cient\u00edfica e tecnol\u00f3gica.\",\"breadcrumb\":{\"@id\":\"https:\/\/www.forumcampinas.org.br\/interdependencia\/o-polo-de-alta-tecnologia-de-campinas\/#breadcrumb\"},\"inLanguage\":\"pt-BR\",\"potentialAction\":[{\"@type\":\"ReadAction\",\"target\":[\"https:\/\/www.forumcampinas.org.br\/interdependencia\/o-polo-de-alta-tecnologia-de-campinas\/\"]}]},{\"@type\":\"ImageObject\",\"inLanguage\":\"pt-BR\",\"@id\":\"https:\/\/www.forumcampinas.org.br\/interdependencia\/o-polo-de-alta-tecnologia-de-campinas\/#primaryimage\",\"url\":\"https:\/\/www.forumcampinas.org.br\/interdependencia\/wp-content\/uploads\/2023\/11\/Maquete-Fabrica-Lidgerwood.jpg\",\"contentUrl\":\"https:\/\/www.forumcampinas.org.br\/interdependencia\/wp-content\/uploads\/2023\/11\/Maquete-Fabrica-Lidgerwood.jpg\",\"width\":600,\"height\":435,\"caption\":\"Maquete da F\u00e1brica Lidgerwood de m\u00e1quinas agr\u00edcolas (1884), Museu da Cidade, Campinas, SP. Cr\u00e9dito: Isabela Cristina Salgado, 2018.\"},{\"@type\":\"BreadcrumbList\",\"@id\":\"https:\/\/www.forumcampinas.org.br\/interdependencia\/o-polo-de-alta-tecnologia-de-campinas\/#breadcrumb\",\"itemListElement\":[{\"@type\":\"ListItem\",\"position\":1,\"name\":\"In\u00edcio\",\"item\":\"https:\/\/www.forumcampinas.org.br\/interdependencia\/\"},{\"@type\":\"ListItem\",\"position\":2,\"name\":\"Campinas: metr\u00f3pole de alta tecnologia, inova\u00e7\u00e3o e do conhecimento\"}]},{\"@type\":\"WebSite\",\"@id\":\"https:\/\/www.forumcampinas.org.br\/interdependencia\/#website\",\"url\":\"https:\/\/www.forumcampinas.org.br\/interdependencia\/\",\"name\":\"Interdepend\u00eancia\",\"description\":\"Ci\u00eancia, Tecnologia e Inova\u00e7\u00e3o e a Regi\u00e3o de Campinas\",\"publisher\":{\"@id\":\"https:\/\/www.forumcampinas.org.br\/interdependencia\/#organization\"},\"potentialAction\":[{\"@type\":\"SearchAction\",\"target\":{\"@type\":\"EntryPoint\",\"urlTemplate\":\"https:\/\/www.forumcampinas.org.br\/interdependencia\/?s={search_term_string}\"},\"query-input\":{\"@type\":\"PropertyValueSpecification\",\"valueRequired\":true,\"valueName\":\"search_term_string\"}}],\"inLanguage\":\"pt-BR\"},{\"@type\":\"Organization\",\"@id\":\"https:\/\/www.forumcampinas.org.br\/interdependencia\/#organization\",\"name\":\"Interdepend\u00eancia\",\"url\":\"https:\/\/www.forumcampinas.org.br\/interdependencia\/\",\"logo\":{\"@type\":\"ImageObject\",\"inLanguage\":\"pt-BR\",\"@id\":\"https:\/\/www.forumcampinas.org.br\/interdependencia\/#\/schema\/logo\/image\/\",\"url\":\"https:\/\/www.forumcampinas.org.br\/interdependencia\/wp-content\/uploads\/2023\/11\/interdependencia.png\",\"contentUrl\":\"https:\/\/www.forumcampinas.org.br\/interdependencia\/wp-content\/uploads\/2023\/11\/interdependencia.png\",\"width\":757,\"height\":195,\"caption\":\"Interdepend\u00eancia\"},\"image\":{\"@id\":\"https:\/\/www.forumcampinas.org.br\/interdependencia\/#\/schema\/logo\/image\/\"}}]}<\/script>\n<!-- \/ Yoast SEO plugin. -->","yoast_head_json":{"title":"Campinas: metr\u00f3pole de alta tecnologia, inova\u00e7\u00e3o e do conhecimento - Interdepend\u00eancia","description":"Campinas \u00e9 um Polo de Alta Tecnologia devido \u00e0 concentra\u00e7\u00e3o de Institui\u00e7\u00f5es de ensino e de pesquisa cient\u00edfica e tecnol\u00f3gica.","robots":{"index":"index","follow":"follow","max-snippet":"max-snippet:-1","max-image-preview":"max-image-preview:large","max-video-preview":"max-video-preview:-1"},"canonical":"https:\/\/www.forumcampinas.org.br\/interdependencia\/o-polo-de-alta-tecnologia-de-campinas\/","og_locale":"pt_BR","og_type":"article","og_title":"Campinas: metr\u00f3pole de alta tecnologia, inova\u00e7\u00e3o e do conhecimento - Interdepend\u00eancia","og_description":"Campinas \u00e9 um Polo de Alta Tecnologia devido \u00e0 concentra\u00e7\u00e3o de Institui\u00e7\u00f5es de ensino e de pesquisa cient\u00edfica e tecnol\u00f3gica.","og_url":"https:\/\/www.forumcampinas.org.br\/interdependencia\/o-polo-de-alta-tecnologia-de-campinas\/","og_site_name":"Interdepend\u00eancia","article_modified_time":"2023-11-15T10:53:17+00:00","og_image":[{"url":"https:\/\/www.forumcampinas.org.br\/interdependencia\/wp-content\/uploads\/2023\/11\/Maquete-Fabrica-Lidgerwood.jpg","type":"","width":"","height":""}],"twitter_card":"summary_large_image","twitter_misc":{"Est. tempo de leitura":"6 minutos"},"schema":{"@context":"https:\/\/schema.org","@graph":[{"@type":"WebPage","@id":"https:\/\/www.forumcampinas.org.br\/interdependencia\/o-polo-de-alta-tecnologia-de-campinas\/","url":"https:\/\/www.forumcampinas.org.br\/interdependencia\/o-polo-de-alta-tecnologia-de-campinas\/","name":"Campinas: metr\u00f3pole de alta tecnologia, inova\u00e7\u00e3o e do conhecimento - Interdepend\u00eancia","isPartOf":{"@id":"https:\/\/www.forumcampinas.org.br\/interdependencia\/#website"},"primaryImageOfPage":{"@id":"https:\/\/www.forumcampinas.org.br\/interdependencia\/o-polo-de-alta-tecnologia-de-campinas\/#primaryimage"},"image":{"@id":"https:\/\/www.forumcampinas.org.br\/interdependencia\/o-polo-de-alta-tecnologia-de-campinas\/#primaryimage"},"thumbnailUrl":"https:\/\/www.forumcampinas.org.br\/interdependencia\/wp-content\/uploads\/2023\/11\/Maquete-Fabrica-Lidgerwood.jpg","datePublished":"2023-10-18T11:18:15+00:00","dateModified":"2023-11-15T10:53:17+00:00","description":"Campinas \u00e9 um Polo de Alta Tecnologia devido \u00e0 concentra\u00e7\u00e3o de Institui\u00e7\u00f5es de ensino e de pesquisa cient\u00edfica e tecnol\u00f3gica.","breadcrumb":{"@id":"https:\/\/www.forumcampinas.org.br\/interdependencia\/o-polo-de-alta-tecnologia-de-campinas\/#breadcrumb"},"inLanguage":"pt-BR","potentialAction":[{"@type":"ReadAction","target":["https:\/\/www.forumcampinas.org.br\/interdependencia\/o-polo-de-alta-tecnologia-de-campinas\/"]}]},{"@type":"ImageObject","inLanguage":"pt-BR","@id":"https:\/\/www.forumcampinas.org.br\/interdependencia\/o-polo-de-alta-tecnologia-de-campinas\/#primaryimage","url":"https:\/\/www.forumcampinas.org.br\/interdependencia\/wp-content\/uploads\/2023\/11\/Maquete-Fabrica-Lidgerwood.jpg","contentUrl":"https:\/\/www.forumcampinas.org.br\/interdependencia\/wp-content\/uploads\/2023\/11\/Maquete-Fabrica-Lidgerwood.jpg","width":600,"height":435,"caption":"Maquete da F\u00e1brica Lidgerwood de m\u00e1quinas agr\u00edcolas (1884), Museu da Cidade, Campinas, SP. Cr\u00e9dito: Isabela Cristina Salgado, 2018."},{"@type":"BreadcrumbList","@id":"https:\/\/www.forumcampinas.org.br\/interdependencia\/o-polo-de-alta-tecnologia-de-campinas\/#breadcrumb","itemListElement":[{"@type":"ListItem","position":1,"name":"In\u00edcio","item":"https:\/\/www.forumcampinas.org.br\/interdependencia\/"},{"@type":"ListItem","position":2,"name":"Campinas: metr\u00f3pole de alta tecnologia, inova\u00e7\u00e3o e do conhecimento"}]},{"@type":"WebSite","@id":"https:\/\/www.forumcampinas.org.br\/interdependencia\/#website","url":"https:\/\/www.forumcampinas.org.br\/interdependencia\/","name":"Interdepend\u00eancia","description":"Ci\u00eancia, Tecnologia e Inova\u00e7\u00e3o e a Regi\u00e3o de Campinas","publisher":{"@id":"https:\/\/www.forumcampinas.org.br\/interdependencia\/#organization"},"potentialAction":[{"@type":"SearchAction","target":{"@type":"EntryPoint","urlTemplate":"https:\/\/www.forumcampinas.org.br\/interdependencia\/?s={search_term_string}"},"query-input":{"@type":"PropertyValueSpecification","valueRequired":true,"valueName":"search_term_string"}}],"inLanguage":"pt-BR"},{"@type":"Organization","@id":"https:\/\/www.forumcampinas.org.br\/interdependencia\/#organization","name":"Interdepend\u00eancia","url":"https:\/\/www.forumcampinas.org.br\/interdependencia\/","logo":{"@type":"ImageObject","inLanguage":"pt-BR","@id":"https:\/\/www.forumcampinas.org.br\/interdependencia\/#\/schema\/logo\/image\/","url":"https:\/\/www.forumcampinas.org.br\/interdependencia\/wp-content\/uploads\/2023\/11\/interdependencia.png","contentUrl":"https:\/\/www.forumcampinas.org.br\/interdependencia\/wp-content\/uploads\/2023\/11\/interdependencia.png","width":757,"height":195,"caption":"Interdepend\u00eancia"},"image":{"@id":"https:\/\/www.forumcampinas.org.br\/interdependencia\/#\/schema\/logo\/image\/"}}]}},"_links":{"self":[{"href":"https:\/\/www.forumcampinas.org.br\/interdependencia\/wp-json\/wp\/v2\/pages\/41","targetHints":{"allow":["GET"]}}],"collection":[{"href":"https:\/\/www.forumcampinas.org.br\/interdependencia\/wp-json\/wp\/v2\/pages"}],"about":[{"href":"https:\/\/www.forumcampinas.org.br\/interdependencia\/wp-json\/wp\/v2\/types\/page"}],"author":[{"embeddable":true,"href":"https:\/\/www.forumcampinas.org.br\/interdependencia\/wp-json\/wp\/v2\/users\/1"}],"replies":[{"embeddable":true,"href":"https:\/\/www.forumcampinas.org.br\/interdependencia\/wp-json\/wp\/v2\/comments?post=41"}],"version-history":[{"count":11,"href":"https:\/\/www.forumcampinas.org.br\/interdependencia\/wp-json\/wp\/v2\/pages\/41\/revisions"}],"predecessor-version":[{"id":747,"href":"https:\/\/www.forumcampinas.org.br\/interdependencia\/wp-json\/wp\/v2\/pages\/41\/revisions\/747"}],"wp:attachment":[{"href":"https:\/\/www.forumcampinas.org.br\/interdependencia\/wp-json\/wp\/v2\/media?parent=41"}],"curies":[{"name":"wp","href":"https:\/\/api.w.org\/{rel}","templated":true}]}}