{"id":43,"date":"2023-10-18T08:18:43","date_gmt":"2023-10-18T11:18:43","guid":{"rendered":"https:\/\/www.forumcampinas.org.br\/interdependencia\/?page_id=43"},"modified":"2023-12-11T05:54:22","modified_gmt":"2023-12-11T08:54:22","slug":"instituicoes-da-ffci","status":"publish","type":"page","link":"https:\/\/www.forumcampinas.org.br\/interdependencia\/instituicoes-da-ffci\/","title":{"rendered":"Institui\u00e7\u00f5es do FISC"},"content":{"rendered":"<p><em>&#8220;Nos circuitos de um celular e na qualidade de um gr\u00e3o de feij\u00e3o t\u00eam ci\u00eancia e os c\u00e9rebros e m\u00e3os de brasileiros. Inclusive gente de Campinas, pesquisadores e t\u00e9cnicos dos centros de excel\u00eancia cient\u00edfica e tecnol\u00f3gica instalados na cidade e na regi\u00e3o. Muitas vezes, perdidos no nosso dia-a-dia, passamos em frente aos pr\u00e9dios desses centros sem nos darmos conta de que o que acontece por tr\u00e1s daquelas fachadas imponentes pode influenciar e at\u00e9 mesmo revolucionar nossas vidas.&#8221;<\/em><br \/>\n<em>(Paulo Martinelli, ,\u201cS\u00e9rie aborda centros de Ci\u00eancia e Tecnologia\u201d, Jornal Correio Popular, 2003)<\/em><\/p>\n","protected":false},"excerpt":{"rendered":"<p>&#8220;Nos circuitos de um celular e na qualidade de um gr\u00e3o de feij\u00e3o t\u00eam ci\u00eancia e os c\u00e9rebros e m\u00e3os de brasileiros. Inclusive gente de Campinas, pesquisadores e t\u00e9cnicos dos centros de excel\u00eancia cient\u00edfica e tecnol\u00f3gica instalados na cidade e na regi\u00e3o. Muitas vezes, perdidos no nosso dia-a-dia, passamos em frente aos pr\u00e9dios desses centros [&hellip;]<\/p>\n","protected":false},"author":1,"featured_media":0,"parent":0,"menu_order":25,"comment_status":"closed","ping_status":"closed","template":"page-instituicoes-da-ffci.php","meta":{"_acf_changed":false,"footnotes":""},"class_list":["post-43","page","type-page","status-publish","hentry"],"acf":[],"yoast_head":"<!-- This site is optimized with the Yoast SEO plugin v27.2 - https:\/\/yoast.com\/product\/yoast-seo-wordpress\/ -->\n<title>Institui\u00e7\u00f5es do FISC - Interdepend\u00eancia<\/title>\n<meta name=\"description\" content=\"Conhe\u00e7a as institui\u00e7\u00f5es de ensino e de pesquisa cient\u00edfica e tecnol\u00f3gica que fazem de Campinas um Polo de Alta Tecnologia.\" \/>\n<meta name=\"robots\" content=\"index, follow, max-snippet:-1, max-image-preview:large, max-video-preview:-1\" \/>\n<link rel=\"canonical\" href=\"https:\/\/www.forumcampinas.org.br\/interdependencia\/instituicoes-da-ffci\/\" \/>\n<meta property=\"og:locale\" content=\"pt_BR\" \/>\n<meta property=\"og:type\" content=\"article\" \/>\n<meta property=\"og:title\" content=\"Institui\u00e7\u00f5es do FISC - Interdepend\u00eancia\" \/>\n<meta property=\"og:description\" content=\"Conhe\u00e7a as institui\u00e7\u00f5es de ensino e de pesquisa cient\u00edfica e tecnol\u00f3gica que fazem de Campinas um Polo de Alta Tecnologia.\" \/>\n<meta property=\"og:url\" content=\"https:\/\/www.forumcampinas.org.br\/interdependencia\/instituicoes-da-ffci\/\" \/>\n<meta property=\"og:site_name\" content=\"Interdepend\u00eancia\" \/>\n<meta property=\"article:modified_time\" content=\"2023-12-11T08:54:22+00:00\" \/>\n<meta property=\"og:image\" content=\"https:\/\/www.forumcampinas.org.br\/interdependencia\/wp-content\/uploads\/2023\/11\/Interdependencia-1200x.png\" \/>\n\t<meta property=\"og:image:width\" content=\"1200\" \/>\n\t<meta property=\"og:image:height\" content=\"675\" \/>\n\t<meta property=\"og:image:type\" content=\"image\/png\" \/>\n<meta name=\"twitter:card\" content=\"summary_large_image\" \/>\n<meta name=\"twitter:label1\" content=\"Est. tempo de leitura\" \/>\n\t<meta name=\"twitter:data1\" content=\"1 minuto\" \/>\n<script type=\"application\/ld+json\" class=\"yoast-schema-graph\">{\"@context\":\"https:\/\/schema.org\",\"@graph\":[{\"@type\":\"WebPage\",\"@id\":\"https:\/\/www.forumcampinas.org.br\/interdependencia\/instituicoes-da-ffci\/\",\"url\":\"https:\/\/www.forumcampinas.org.br\/interdependencia\/instituicoes-da-ffci\/\",\"name\":\"Institui\u00e7\u00f5es do FISC - Interdepend\u00eancia\",\"isPartOf\":{\"@id\":\"https:\/\/www.forumcampinas.org.br\/interdependencia\/#website\"},\"datePublished\":\"2023-10-18T11:18:43+00:00\",\"dateModified\":\"2023-12-11T08:54:22+00:00\",\"description\":\"Conhe\u00e7a as institui\u00e7\u00f5es de ensino e de pesquisa cient\u00edfica e tecnol\u00f3gica que fazem de Campinas um Polo de Alta Tecnologia.\",\"breadcrumb\":{\"@id\":\"https:\/\/www.forumcampinas.org.br\/interdependencia\/instituicoes-da-ffci\/#breadcrumb\"},\"inLanguage\":\"pt-BR\",\"potentialAction\":[{\"@type\":\"ReadAction\",\"target\":[\"https:\/\/www.forumcampinas.org.br\/interdependencia\/instituicoes-da-ffci\/\"]}]},{\"@type\":\"BreadcrumbList\",\"@id\":\"https:\/\/www.forumcampinas.org.br\/interdependencia\/instituicoes-da-ffci\/#breadcrumb\",\"itemListElement\":[{\"@type\":\"ListItem\",\"position\":1,\"name\":\"In\u00edcio\",\"item\":\"https:\/\/www.forumcampinas.org.br\/interdependencia\/\"},{\"@type\":\"ListItem\",\"position\":2,\"name\":\"Institui\u00e7\u00f5es do FISC\"}]},{\"@type\":\"WebSite\",\"@id\":\"https:\/\/www.forumcampinas.org.br\/interdependencia\/#website\",\"url\":\"https:\/\/www.forumcampinas.org.br\/interdependencia\/\",\"name\":\"Interdepend\u00eancia\",\"description\":\"Ci\u00eancia, Tecnologia e Inova\u00e7\u00e3o e a Regi\u00e3o de Campinas\",\"publisher\":{\"@id\":\"https:\/\/www.forumcampinas.org.br\/interdependencia\/#organization\"},\"potentialAction\":[{\"@type\":\"SearchAction\",\"target\":{\"@type\":\"EntryPoint\",\"urlTemplate\":\"https:\/\/www.forumcampinas.org.br\/interdependencia\/?s={search_term_string}\"},\"query-input\":{\"@type\":\"PropertyValueSpecification\",\"valueRequired\":true,\"valueName\":\"search_term_string\"}}],\"inLanguage\":\"pt-BR\"},{\"@type\":\"Organization\",\"@id\":\"https:\/\/www.forumcampinas.org.br\/interdependencia\/#organization\",\"name\":\"Interdepend\u00eancia\",\"url\":\"https:\/\/www.forumcampinas.org.br\/interdependencia\/\",\"logo\":{\"@type\":\"ImageObject\",\"inLanguage\":\"pt-BR\",\"@id\":\"https:\/\/www.forumcampinas.org.br\/interdependencia\/#\/schema\/logo\/image\/\",\"url\":\"https:\/\/www.forumcampinas.org.br\/interdependencia\/wp-content\/uploads\/2023\/11\/interdependencia.png\",\"contentUrl\":\"https:\/\/www.forumcampinas.org.br\/interdependencia\/wp-content\/uploads\/2023\/11\/interdependencia.png\",\"width\":757,\"height\":195,\"caption\":\"Interdepend\u00eancia\"},\"image\":{\"@id\":\"https:\/\/www.forumcampinas.org.br\/interdependencia\/#\/schema\/logo\/image\/\"}}]}<\/script>\n<!-- \/ Yoast SEO plugin. -->","yoast_head_json":{"title":"Institui\u00e7\u00f5es do FISC - Interdepend\u00eancia","description":"Conhe\u00e7a as institui\u00e7\u00f5es de ensino e de pesquisa cient\u00edfica e tecnol\u00f3gica que fazem de Campinas um Polo de Alta Tecnologia.","robots":{"index":"index","follow":"follow","max-snippet":"max-snippet:-1","max-image-preview":"max-image-preview:large","max-video-preview":"max-video-preview:-1"},"canonical":"https:\/\/www.forumcampinas.org.br\/interdependencia\/instituicoes-da-ffci\/","og_locale":"pt_BR","og_type":"article","og_title":"Institui\u00e7\u00f5es do FISC - Interdepend\u00eancia","og_description":"Conhe\u00e7a as institui\u00e7\u00f5es de ensino e de pesquisa cient\u00edfica e tecnol\u00f3gica que fazem de Campinas um Polo de Alta Tecnologia.","og_url":"https:\/\/www.forumcampinas.org.br\/interdependencia\/instituicoes-da-ffci\/","og_site_name":"Interdepend\u00eancia","article_modified_time":"2023-12-11T08:54:22+00:00","og_image":[{"width":1200,"height":675,"url":"https:\/\/www.forumcampinas.org.br\/interdependencia\/wp-content\/uploads\/2023\/11\/Interdependencia-1200x.png","type":"image\/png"}],"twitter_card":"summary_large_image","twitter_misc":{"Est. tempo de leitura":"1 minuto"},"schema":{"@context":"https:\/\/schema.org","@graph":[{"@type":"WebPage","@id":"https:\/\/www.forumcampinas.org.br\/interdependencia\/instituicoes-da-ffci\/","url":"https:\/\/www.forumcampinas.org.br\/interdependencia\/instituicoes-da-ffci\/","name":"Institui\u00e7\u00f5es do FISC - Interdepend\u00eancia","isPartOf":{"@id":"https:\/\/www.forumcampinas.org.br\/interdependencia\/#website"},"datePublished":"2023-10-18T11:18:43+00:00","dateModified":"2023-12-11T08:54:22+00:00","description":"Conhe\u00e7a as institui\u00e7\u00f5es de ensino e de pesquisa cient\u00edfica e tecnol\u00f3gica que fazem de Campinas um Polo de Alta Tecnologia.","breadcrumb":{"@id":"https:\/\/www.forumcampinas.org.br\/interdependencia\/instituicoes-da-ffci\/#breadcrumb"},"inLanguage":"pt-BR","potentialAction":[{"@type":"ReadAction","target":["https:\/\/www.forumcampinas.org.br\/interdependencia\/instituicoes-da-ffci\/"]}]},{"@type":"BreadcrumbList","@id":"https:\/\/www.forumcampinas.org.br\/interdependencia\/instituicoes-da-ffci\/#breadcrumb","itemListElement":[{"@type":"ListItem","position":1,"name":"In\u00edcio","item":"https:\/\/www.forumcampinas.org.br\/interdependencia\/"},{"@type":"ListItem","position":2,"name":"Institui\u00e7\u00f5es do FISC"}]},{"@type":"WebSite","@id":"https:\/\/www.forumcampinas.org.br\/interdependencia\/#website","url":"https:\/\/www.forumcampinas.org.br\/interdependencia\/","name":"Interdepend\u00eancia","description":"Ci\u00eancia, Tecnologia e Inova\u00e7\u00e3o e a Regi\u00e3o de Campinas","publisher":{"@id":"https:\/\/www.forumcampinas.org.br\/interdependencia\/#organization"},"potentialAction":[{"@type":"SearchAction","target":{"@type":"EntryPoint","urlTemplate":"https:\/\/www.forumcampinas.org.br\/interdependencia\/?s={search_term_string}"},"query-input":{"@type":"PropertyValueSpecification","valueRequired":true,"valueName":"search_term_string"}}],"inLanguage":"pt-BR"},{"@type":"Organization","@id":"https:\/\/www.forumcampinas.org.br\/interdependencia\/#organization","name":"Interdepend\u00eancia","url":"https:\/\/www.forumcampinas.org.br\/interdependencia\/","logo":{"@type":"ImageObject","inLanguage":"pt-BR","@id":"https:\/\/www.forumcampinas.org.br\/interdependencia\/#\/schema\/logo\/image\/","url":"https:\/\/www.forumcampinas.org.br\/interdependencia\/wp-content\/uploads\/2023\/11\/interdependencia.png","contentUrl":"https:\/\/www.forumcampinas.org.br\/interdependencia\/wp-content\/uploads\/2023\/11\/interdependencia.png","width":757,"height":195,"caption":"Interdepend\u00eancia"},"image":{"@id":"https:\/\/www.forumcampinas.org.br\/interdependencia\/#\/schema\/logo\/image\/"}}]}},"_links":{"self":[{"href":"https:\/\/www.forumcampinas.org.br\/interdependencia\/wp-json\/wp\/v2\/pages\/43","targetHints":{"allow":["GET"]}}],"collection":[{"href":"https:\/\/www.forumcampinas.org.br\/interdependencia\/wp-json\/wp\/v2\/pages"}],"about":[{"href":"https:\/\/www.forumcampinas.org.br\/interdependencia\/wp-json\/wp\/v2\/types\/page"}],"author":[{"embeddable":true,"href":"https:\/\/www.forumcampinas.org.br\/interdependencia\/wp-json\/wp\/v2\/users\/1"}],"replies":[{"embeddable":true,"href":"https:\/\/www.forumcampinas.org.br\/interdependencia\/wp-json\/wp\/v2\/comments?post=43"}],"version-history":[{"count":5,"href":"https:\/\/www.forumcampinas.org.br\/interdependencia\/wp-json\/wp\/v2\/pages\/43\/revisions"}],"predecessor-version":[{"id":844,"href":"https:\/\/www.forumcampinas.org.br\/interdependencia\/wp-json\/wp\/v2\/pages\/43\/revisions\/844"}],"wp:attachment":[{"href":"https:\/\/www.forumcampinas.org.br\/interdependencia\/wp-json\/wp\/v2\/media?parent=43"}],"curies":[{"name":"wp","href":"https:\/\/api.w.org\/{rel}","templated":true}]}}